{"id":16930,"date":"2025-11-09T09:28:48","date_gmt":"2025-11-09T08:28:48","guid":{"rendered":"https:\/\/www.handball-edelweiss-linz.at\/wordpress\/?page_id=16930"},"modified":"2025-11-13T09:24:20","modified_gmt":"2025-11-13T08:24:20","slug":"kons-michael-sterz","status":"publish","type":"page","link":"https:\/\/www.handball-edelweiss-linz.at\/wordpress\/kons-michael-sterz\/","title":{"rendered":"Kons. Michael Sterz"},"content":{"rendered":"\n<p class=\"has-white-color has-gray-background-color has-text-color has-background has-link-color wp-elements-191a08308819a01192ab8db51b176d2b\">Seit der Vereinsgr\u00fcndung stand Michl f\u00fcr unsere Farben ein. \u00dcber Jahrzehnte hinweg war er stets im Vorstand der Union Edelweiss t\u00e4tig. Bis zuletzt hatte er unseren Verein mit den beiden Sektionen im Herzen und als Ehrenobmann war Michl bis zu seiner letzten Stunde an unserer Seite. Auch im hohen Alter hat er noch einiges f\u00fcr unseren Sportverein in die Wege geleitet und uns bei so manchen kniffligen Situationen die T\u00fcre ge\u00f6ffnet.<\/p>\n\n\n\n<p class=\"has-white-color has-gray-background-color has-text-color has-background has-link-color wp-elements-fe277f2734911ca3cd6423ca384ed0fd\">Er wusste immer woher die Sportunion Edelweiss Linz kommt und machte daraus auch nie einen hehl. Er wird uns mit seiner aufopfernden Art immer im Herzen bleiben. Michl, f\u00fcr immer einer von uns!<\/p>\n\n\n\n<p class=\"has-white-color has-gray-background-color has-text-color has-background has-link-color has-medium-font-size wp-elements-a2c45098d0b395e7a8579394e94741be\"><img loading=\"lazy\" decoding=\"async\" width=\"150\" height=\"213\" class=\"wp-image-14014\" style=\"width: 150px;\" src=\"https:\/\/www.handball-edelweiss-linz.at\/wordpress\/wp-content\/uploads\/Foto-Stertz-Michael-300x425-1.jpg\" alt=\"\" srcset=\"https:\/\/www.handball-edelweiss-linz.at\/wordpress\/wp-content\/uploads\/Foto-Stertz-Michael-300x425-1.jpg 300w, https:\/\/www.handball-edelweiss-linz.at\/wordpress\/wp-content\/uploads\/Foto-Stertz-Michael-300x425-1-212x300.jpg 212w, https:\/\/www.handball-edelweiss-linz.at\/wordpress\/wp-content\/uploads\/Foto-Stertz-Michael-300x425-1-90x128.jpg 90w, https:\/\/www.handball-edelweiss-linz.at\/wordpress\/wp-content\/uploads\/Foto-Stertz-Michael-300x425-1-23x32.jpg 23w, https:\/\/www.handball-edelweiss-linz.at\/wordpress\/wp-content\/uploads\/Foto-Stertz-Michael-300x425-1-219x310.jpg 219w, https:\/\/www.handball-edelweiss-linz.at\/wordpress\/wp-content\/uploads\/Foto-Stertz-Michael-300x425-1-74x105.jpg 74w\" sizes=\"auto, (max-width: 150px) 100vw, 150px\" \/> 1923 \u2013 2021<\/p>\n","protected":false},"excerpt":{"rendered":"<p>Seit der Vereinsgr\u00fcndung stand Michl f\u00fcr unsere Farben ein. \u00dcber Jahrzehnte hinweg war er stets im Vorstand der Union Edelweiss t\u00e4tig. Bis zuletzt hatte er<\/p>\n","protected":false},"author":2,"featured_media":0,"parent":0,"menu_order":0,"comment_status":"closed","ping_status":"closed","template":"","meta":{"ngg_post_thumbnail":0,"footnotes":""},"class_list":["post-16930","page","type-page","status-publish","hentry","comments-off"],"_links":{"self":[{"href":"https:\/\/www.handball-edelweiss-linz.at\/wordpress\/wp-json\/wp\/v2\/pages\/16930","targetHints":{"allow":["GET"]}}],"collection":[{"href":"https:\/\/www.handball-edelweiss-linz.at\/wordpress\/wp-json\/wp\/v2\/pages"}],"about":[{"href":"https:\/\/www.handball-edelweiss-linz.at\/wordpress\/wp-json\/wp\/v2\/types\/page"}],"author":[{"embeddable":true,"href":"https:\/\/www.handball-edelweiss-linz.at\/wordpress\/wp-json\/wp\/v2\/users\/2"}],"replies":[{"embeddable":true,"href":"https:\/\/www.handball-edelweiss-linz.at\/wordpress\/wp-json\/wp\/v2\/comments?post=16930"}],"version-history":[{"count":3,"href":"https:\/\/www.handball-edelweiss-linz.at\/wordpress\/wp-json\/wp\/v2\/pages\/16930\/revisions"}],"predecessor-version":[{"id":17024,"href":"https:\/\/www.handball-edelweiss-linz.at\/wordpress\/wp-json\/wp\/v2\/pages\/16930\/revisions\/17024"}],"wp:attachment":[{"href":"https:\/\/www.handball-edelweiss-linz.at\/wordpress\/wp-json\/wp\/v2\/media?parent=16930"}],"curies":[{"name":"wp","href":"https:\/\/api.w.org\/{rel}","templated":true}]}}