{"id":16941,"date":"2025-11-09T10:52:41","date_gmt":"2025-11-09T09:52:41","guid":{"rendered":"https:\/\/www.handball-edelweiss-linz.at\/wordpress\/?page_id=16941"},"modified":"2025-11-13T09:25:02","modified_gmt":"2025-11-13T08:25:02","slug":"christian-patzer","status":"publish","type":"page","link":"https:\/\/www.handball-edelweiss-linz.at\/wordpress\/christian-patzer\/","title":{"rendered":"Christian Patzer"},"content":{"rendered":"\n<p class=\"has-white-color has-gray-background-color has-text-color has-background has-link-color wp-elements-106edd8685a3130f6ec158d42195685f\">Christian Patzer, langj\u00e4hriger Spieler der Union Edelweiss Linz, hat den Kampf gegen seine schwere Erkrankung im 77. Lebensjahr verloren. Mit ihm als Spieler konnten unsere Handballer in den 1960er Jahren die gr\u00f6\u00dften Erfolge in der Vereinsgeschichte erzielen. 1970 wechselte er als einer der ersten \u00f6sterreichischen Spieler in die deutsche oberste Liga. W\u00e4hrend seiner Zeit in Deutschland bei G\u00f6ppingen (zweifacher Meister), war er nat\u00fcrlich auch im \u00f6sterreichischen Nationalteam sehr erfolgreich. Wohl einer seiner gr\u00f6\u00dften Erfolge: Bronze bei der WM 1966 im Feldhandball.<\/p>\n\n\n\n<p class=\"has-white-color has-gray-background-color has-text-color has-background has-link-color wp-elements-10e3e875747294620af3ec0246156ea8\">Nach seiner gro\u00dfartigen Karriere im Ausland, kam er letztendlich wieder als Spieler nach Linz zur\u00fcck und spielte f\u00fcr die ASK\u00d6 Linz. In sp\u00e4terer Folge \u00fcbernahm er auch das Traineramt bei der Union Edelweiss und konnte somit seine langj\u00e4hrigen Erfahrungen an unsere damalige junge Truppe weitergeben.<\/p>\n\n\n\n<p class=\"has-white-color has-gray-background-color has-text-color has-background has-link-color wp-elements-0d59f73c8e4f6787125d97acc886ead6\">Lebe wohl alter Freund. Ein Edelweiss bl\u00fcht im Himmel weiter. Unsere Anteilnahme gilt nat\u00fcrlich den Hinterbliebenen<\/p>\n\n\n\n<p class=\"has-white-color has-gray-background-color has-text-color has-background has-link-color has-medium-font-size wp-elements-30ebc06a0859ed3c5804fd6f0fb63d5a\"><img loading=\"lazy\" decoding=\"async\" width=\"150\" height=\"198\" class=\"wp-image-14341\" style=\"width: 150px;\" src=\"https:\/\/www.handball-edelweiss-linz.at\/wordpress\/wp-content\/uploads\/patzer.jpg\" alt=\"\" srcset=\"https:\/\/www.handball-edelweiss-linz.at\/wordpress\/wp-content\/uploads\/patzer.jpg 199w, https:\/\/www.handball-edelweiss-linz.at\/wordpress\/wp-content\/uploads\/patzer-97x128.jpg 97w, https:\/\/www.handball-edelweiss-linz.at\/wordpress\/wp-content\/uploads\/patzer-24x32.jpg 24w, https:\/\/www.handball-edelweiss-linz.at\/wordpress\/wp-content\/uploads\/patzer-79x105.jpg 79w\" sizes=\"auto, (max-width: 150px) 100vw, 150px\" \/> 1944 &#8211; 2021<\/p>\n","protected":false},"excerpt":{"rendered":"<p>Christian Patzer, langj\u00e4hriger Spieler der Union Edelweiss Linz, hat den Kampf gegen seine schwere Erkrankung im 77. Lebensjahr verloren. Mit ihm als Spieler konnten unsere<\/p>\n","protected":false},"author":2,"featured_media":0,"parent":0,"menu_order":0,"comment_status":"closed","ping_status":"closed","template":"","meta":{"ngg_post_thumbnail":0,"footnotes":""},"class_list":["post-16941","page","type-page","status-publish","hentry","comments-off"],"_links":{"self":[{"href":"https:\/\/www.handball-edelweiss-linz.at\/wordpress\/wp-json\/wp\/v2\/pages\/16941","targetHints":{"allow":["GET"]}}],"collection":[{"href":"https:\/\/www.handball-edelweiss-linz.at\/wordpress\/wp-json\/wp\/v2\/pages"}],"about":[{"href":"https:\/\/www.handball-edelweiss-linz.at\/wordpress\/wp-json\/wp\/v2\/types\/page"}],"author":[{"embeddable":true,"href":"https:\/\/www.handball-edelweiss-linz.at\/wordpress\/wp-json\/wp\/v2\/users\/2"}],"replies":[{"embeddable":true,"href":"https:\/\/www.handball-edelweiss-linz.at\/wordpress\/wp-json\/wp\/v2\/comments?post=16941"}],"version-history":[{"count":2,"href":"https:\/\/www.handball-edelweiss-linz.at\/wordpress\/wp-json\/wp\/v2\/pages\/16941\/revisions"}],"predecessor-version":[{"id":17025,"href":"https:\/\/www.handball-edelweiss-linz.at\/wordpress\/wp-json\/wp\/v2\/pages\/16941\/revisions\/17025"}],"wp:attachment":[{"href":"https:\/\/www.handball-edelweiss-linz.at\/wordpress\/wp-json\/wp\/v2\/media?parent=16941"}],"curies":[{"name":"wp","href":"https:\/\/api.w.org\/{rel}","templated":true}]}}