{"id":16944,"date":"2025-11-09T11:37:28","date_gmt":"2025-11-09T10:37:28","guid":{"rendered":"https:\/\/www.handball-edelweiss-linz.at\/wordpress\/?page_id=16944"},"modified":"2025-11-09T11:37:29","modified_gmt":"2025-11-09T10:37:29","slug":"lorenz-kadi","status":"publish","type":"page","link":"https:\/\/www.handball-edelweiss-linz.at\/wordpress\/lorenz-kadi\/","title":{"rendered":"Lorenz Kadi"},"content":{"rendered":"\n<p class=\"has-white-color has-gray-background-color has-text-color has-background has-link-color wp-elements-2364ccf4421b83f2bacf8fc15067af48\">Lorenz trat unserem Verein 1952 als aktiver Handballer bei. Ab 1958 wurde er Funktion\u00e4r und hatte in Zeiten der gr\u00f6\u00dften Erfolge zwischen 1960 und 1970 als einer der leitenden Funktion\u00e4re gro\u00dfen Anteil an den gro\u00dfen Erfolgen von Union Edelwei\u00df. Europacup in Linz und Leutershausen (BRD) und der Europacup 1970 gegen MAI MOSKAU waren die H\u00f6hepunkte seiner ehrenamtlichen Funktion\u00e4rslaufbahn.<\/p>\n\n\n\n<p class=\"has-white-color has-gray-background-color has-text-color has-background has-link-color wp-elements-12daf9e53a36dc5c99a1227d5f01345f\">Von 1971 bis 2012 war er im Vereinsvorstand als Handball-Sektionsleiter, Fachwart, Obmann-Stellvertreter und in den letzten Jahren als Beirat erfolgreich t\u00e4tig. Er erwarb sich durch die Mitarbeit bei Vereinsveranstaltungen und bei der Errichtung der neuen Sportanlage am Fl\u00f6tzerweg bleibende Verdienste&nbsp;um die Union Edelwei\u00df.<\/p>\n\n\n\n<p class=\"has-white-color has-gray-background-color has-text-color has-background has-link-color wp-elements-b7d9bb6a6abd444c296d540a261c65b0\">F\u00fcr seine Leistungen als Handballer und f\u00fcr seine 45-j\u00e4hrige ehrenamtliche Funktion\u00e4rst\u00e4tigkeit sind wir Lorenz sehr dankbar. F\u00fcr Lorenz war Union Edelwei\u00df eine Herzensangelegenheit, er wird uns immer mit besonderer Wertsch\u00e4tzung und Dankbarkeit in Erinnerung bleiben.<\/p>\n\n\n\n<p class=\"has-white-color has-gray-background-color has-text-color has-background has-link-color wp-elements-6a2983ea46236fe67c91c1ee01d1a15b\"><img loading=\"lazy\" decoding=\"async\" width=\"150\" height=\"200\" class=\"wp-image-1222\" style=\"width: 150px;\" src=\"https:\/\/www.handball-edelweiss-linz.at\/wordpress\/wp-content\/uploads\/ehrentafel_lorenz_kadi.jpg\" alt=\"Lorenz Kadi\"> 1929 \u2013 2013<\/p>\n","protected":false},"excerpt":{"rendered":"<p>Lorenz trat unserem Verein 1952 als aktiver Handballer bei. Ab 1958 wurde er Funktion\u00e4r und hatte in Zeiten der gr\u00f6\u00dften Erfolge zwischen 1960 und 1970<\/p>\n","protected":false},"author":2,"featured_media":0,"parent":0,"menu_order":0,"comment_status":"closed","ping_status":"closed","template":"","meta":{"ngg_post_thumbnail":0,"footnotes":""},"class_list":["post-16944","page","type-page","status-publish","hentry","comments-off"],"_links":{"self":[{"href":"https:\/\/www.handball-edelweiss-linz.at\/wordpress\/wp-json\/wp\/v2\/pages\/16944","targetHints":{"allow":["GET"]}}],"collection":[{"href":"https:\/\/www.handball-edelweiss-linz.at\/wordpress\/wp-json\/wp\/v2\/pages"}],"about":[{"href":"https:\/\/www.handball-edelweiss-linz.at\/wordpress\/wp-json\/wp\/v2\/types\/page"}],"author":[{"embeddable":true,"href":"https:\/\/www.handball-edelweiss-linz.at\/wordpress\/wp-json\/wp\/v2\/users\/2"}],"replies":[{"embeddable":true,"href":"https:\/\/www.handball-edelweiss-linz.at\/wordpress\/wp-json\/wp\/v2\/comments?post=16944"}],"version-history":[{"count":1,"href":"https:\/\/www.handball-edelweiss-linz.at\/wordpress\/wp-json\/wp\/v2\/pages\/16944\/revisions"}],"predecessor-version":[{"id":16945,"href":"https:\/\/www.handball-edelweiss-linz.at\/wordpress\/wp-json\/wp\/v2\/pages\/16944\/revisions\/16945"}],"wp:attachment":[{"href":"https:\/\/www.handball-edelweiss-linz.at\/wordpress\/wp-json\/wp\/v2\/media?parent=16944"}],"curies":[{"name":"wp","href":"https:\/\/api.w.org\/{rel}","templated":true}]}}