{"id":16946,"date":"2025-11-09T11:55:42","date_gmt":"2025-11-09T10:55:42","guid":{"rendered":"https:\/\/www.handball-edelweiss-linz.at\/wordpress\/?page_id=16946"},"modified":"2025-11-09T11:55:43","modified_gmt":"2025-11-09T10:55:43","slug":"andreas-rollinger","status":"publish","type":"page","link":"https:\/\/www.handball-edelweiss-linz.at\/wordpress\/andreas-rollinger\/","title":{"rendered":"Andreas Rollinger"},"content":{"rendered":"\n<p class=\"has-white-color has-gray-background-color has-text-color has-background has-link-color wp-elements-9e57fbd781248410ac4b990e3bac6fc0\">Andreas war ein begnadeter Feldhandballspieler und z\u00e4hlte in den Jahren 1955 bis 1964 zu den St\u00fctzen von Union Edelwei\u00df. Die H\u00f6hepunkte seiner Laufbahn waren der O\u00d6. Meistertitel im Feldhandball 1960\/61 und der Gewinn des Aufstiegsspieles in Kapfenberg 1961 und der Aufstieg in die Feldhandball-Staatsliga. In der Staatsliga machte Union Edelwei\u00df eine gute Figur und Andreas Rollinger konnte mit seinen gefinkelten W\u00fcrfen viel zum erfolgreichen Abschneiden in den Saison 1961\/62, 1962\/63 und 1963\/64 beitragen (3.Platz, 2.Platz, 3.Platz).<\/p>\n\n\n\n<p class=\"has-white-color has-gray-background-color has-text-color has-background has-link-color wp-elements-0e94687c40dd5d9eb900a531c9b56286\">Andreas Rollinger gab seine Erfahrung an den Nachwuchs weiter und er war \u00fcber 12 Jahre zwischen 1972 und 1984 erfolgreicher Sch\u00fclertrainer.<\/p>\n\n\n\n<p class=\"has-white-color has-gray-background-color has-text-color has-background has-link-color wp-elements-0f3b3f34f8d77fe819a60e9386d32b8d\">Andreas wurde besonders wegen seiner h\u00f6flichen Art sehr gesch\u00e4tzt und er bleibt Union Edelwei\u00df immer in bester Erinnerung.<\/p>\n\n\n\n<p class=\"has-white-color has-gray-background-color has-text-color has-background has-link-color wp-elements-3a6de25e3bec535c3421979617f3de73\"><img loading=\"lazy\" decoding=\"async\" width=\"150\" height=\"200\" class=\"wp-image-1250\" style=\"width: 150px;\" src=\"https:\/\/www.handball-edelweiss-linz.at\/wordpress\/wp-content\/uploads\/ehrentafel_andreas_rollinger.jpg\" alt=\"Andreas Rollinger\"> 1931 \u2013 2013<\/p>\n","protected":false},"excerpt":{"rendered":"<p>Andreas war ein begnadeter Feldhandballspieler und z\u00e4hlte in den Jahren 1955 bis 1964 zu den St\u00fctzen von Union Edelwei\u00df. Die H\u00f6hepunkte seiner Laufbahn waren der<\/p>\n","protected":false},"author":2,"featured_media":0,"parent":0,"menu_order":0,"comment_status":"closed","ping_status":"closed","template":"","meta":{"ngg_post_thumbnail":0,"footnotes":""},"class_list":["post-16946","page","type-page","status-publish","hentry","comments-off"],"_links":{"self":[{"href":"https:\/\/www.handball-edelweiss-linz.at\/wordpress\/wp-json\/wp\/v2\/pages\/16946","targetHints":{"allow":["GET"]}}],"collection":[{"href":"https:\/\/www.handball-edelweiss-linz.at\/wordpress\/wp-json\/wp\/v2\/pages"}],"about":[{"href":"https:\/\/www.handball-edelweiss-linz.at\/wordpress\/wp-json\/wp\/v2\/types\/page"}],"author":[{"embeddable":true,"href":"https:\/\/www.handball-edelweiss-linz.at\/wordpress\/wp-json\/wp\/v2\/users\/2"}],"replies":[{"embeddable":true,"href":"https:\/\/www.handball-edelweiss-linz.at\/wordpress\/wp-json\/wp\/v2\/comments?post=16946"}],"version-history":[{"count":1,"href":"https:\/\/www.handball-edelweiss-linz.at\/wordpress\/wp-json\/wp\/v2\/pages\/16946\/revisions"}],"predecessor-version":[{"id":16947,"href":"https:\/\/www.handball-edelweiss-linz.at\/wordpress\/wp-json\/wp\/v2\/pages\/16946\/revisions\/16947"}],"wp:attachment":[{"href":"https:\/\/www.handball-edelweiss-linz.at\/wordpress\/wp-json\/wp\/v2\/media?parent=16946"}],"curies":[{"name":"wp","href":"https:\/\/api.w.org\/{rel}","templated":true}]}}