{"id":16948,"date":"2025-11-09T12:03:33","date_gmt":"2025-11-09T11:03:33","guid":{"rendered":"https:\/\/www.handball-edelweiss-linz.at\/wordpress\/?page_id=16948"},"modified":"2025-11-09T12:03:34","modified_gmt":"2025-11-09T11:03:34","slug":"ferdinand-schmidt","status":"publish","type":"page","link":"https:\/\/www.handball-edelweiss-linz.at\/wordpress\/ferdinand-schmidt\/","title":{"rendered":"Ferdinand Schmidt"},"content":{"rendered":"\n<p class=\"has-white-color has-gray-background-color has-text-color has-background has-link-color wp-elements-ac62cb5b2add491766bb01696dc5b41f\">Ferdinand Schmidt, Besitzer der Schuhfabrik Lentia, selbst ein sehr guter Leichtathlet, engagierte sich bereits ab dem Jahre 1954 als Pr\u00e4sident f\u00fcr die Union Edelwei\u00df. In seiner Pr\u00e4sidentschaft wurden die gr\u00f6\u00dften Erfolge durch die Sektion Handball errungen:<\/p>\n\n\n\n<ul class=\"wp-block-list\">\n<li>\u00d6sterr. Staatsmeister im Feldhandball 1966\/67, 1968\/69, 1969\/70<\/li>\n\n\n\n<li>Teilnahme am Europacup 1967 in Linz<\/li>\n\n\n\n<li>Teilnahme am Europacup 1969 in Leutershausen (BRD)<\/li>\n\n\n\n<li>\u00d6sterr. Staatsmeister im Hallenhandball 1969\/70<\/li>\n\n\n\n<li>Europacup gegen MAI MOSKAU in Steyr und Moskau 1970<\/li>\n<\/ul>\n\n\n\n<p class=\"has-white-color has-gray-background-color has-text-color has-background has-link-color wp-elements-a89640bc7e05defa759641c44b55df23\">Union Edelwei\u00df spielte \u00fcber 40 Jahre von 1969\/70 bis 1988\/89 und ab 1990\/91 bis 2010\/11 in der Staatsliga A oder B bzw. der Bundesliga.<\/p>\n\n\n\n<p class=\"has-white-color has-gray-background-color has-text-color has-background has-link-color wp-elements-71734273f1eebafdebea693c23a40a7e\">W\u00e4hrend seiner gesamten Pr\u00e4sidentschaft war Pr\u00e4sident Schmidt immer zur Stelle, wenn es galt f\u00fcr seinen Verein Probleme zu l\u00f6sen. Seine ber\u00fchmten Weihnachtsreden wurden von Spielern und Funktion\u00e4ren sehr gesch\u00e4tzt, gaben sie doch den Vereinsmitgliedern immer wieder Kraft f\u00fcr neue Leistungen.<\/p>\n\n\n\n<p class=\"has-white-color has-gray-background-color has-text-color has-background has-link-color wp-elements-2878fc31f1d8f700995228da671b6aa5\">Pr\u00e4sident Ferdinand Schmidt wird Union Edelwei\u00df immer mit besonderer Wertsch\u00e4tzung und Dankbarkeit in Erinnerung bleiben.<\/p>\n\n\n\n<p class=\"has-white-color has-gray-background-color has-text-color has-background has-link-color wp-elements-e01165b6b0e50ef3959948e7a24a574f\"><img loading=\"lazy\" decoding=\"async\" width=\"150\" height=\"200\" class=\"wp-image-1220\" style=\"width: 150px;\" src=\"https:\/\/www.handball-edelweiss-linz.at\/wordpress\/wp-content\/uploads\/ehrentafel_ferdinand_schmidt.jpg\" alt=\"Ferdinand Schmidt\"> 1916 &#8211; 2009<\/p>\n","protected":false},"excerpt":{"rendered":"<p>Ferdinand Schmidt, Besitzer der Schuhfabrik Lentia, selbst ein sehr guter Leichtathlet, engagierte sich bereits ab dem Jahre 1954 als Pr\u00e4sident f\u00fcr die Union Edelwei\u00df. In<\/p>\n","protected":false},"author":2,"featured_media":0,"parent":0,"menu_order":0,"comment_status":"closed","ping_status":"closed","template":"","meta":{"ngg_post_thumbnail":0,"footnotes":""},"class_list":["post-16948","page","type-page","status-publish","hentry","comments-off"],"_links":{"self":[{"href":"https:\/\/www.handball-edelweiss-linz.at\/wordpress\/wp-json\/wp\/v2\/pages\/16948","targetHints":{"allow":["GET"]}}],"collection":[{"href":"https:\/\/www.handball-edelweiss-linz.at\/wordpress\/wp-json\/wp\/v2\/pages"}],"about":[{"href":"https:\/\/www.handball-edelweiss-linz.at\/wordpress\/wp-json\/wp\/v2\/types\/page"}],"author":[{"embeddable":true,"href":"https:\/\/www.handball-edelweiss-linz.at\/wordpress\/wp-json\/wp\/v2\/users\/2"}],"replies":[{"embeddable":true,"href":"https:\/\/www.handball-edelweiss-linz.at\/wordpress\/wp-json\/wp\/v2\/comments?post=16948"}],"version-history":[{"count":1,"href":"https:\/\/www.handball-edelweiss-linz.at\/wordpress\/wp-json\/wp\/v2\/pages\/16948\/revisions"}],"predecessor-version":[{"id":16949,"href":"https:\/\/www.handball-edelweiss-linz.at\/wordpress\/wp-json\/wp\/v2\/pages\/16948\/revisions\/16949"}],"wp:attachment":[{"href":"https:\/\/www.handball-edelweiss-linz.at\/wordpress\/wp-json\/wp\/v2\/media?parent=16948"}],"curies":[{"name":"wp","href":"https:\/\/api.w.org\/{rel}","templated":true}]}}