{"id":16951,"date":"2025-11-10T06:10:17","date_gmt":"2025-11-10T05:10:17","guid":{"rendered":"https:\/\/www.handball-edelweiss-linz.at\/wordpress\/?page_id=16951"},"modified":"2025-11-10T06:10:18","modified_gmt":"2025-11-10T05:10:18","slug":"dietmar-hinterbuchner","status":"publish","type":"page","link":"https:\/\/www.handball-edelweiss-linz.at\/wordpress\/dietmar-hinterbuchner\/","title":{"rendered":"Dietmar Hinterbuchner"},"content":{"rendered":"\n<p class=\"has-white-color has-gray-background-color has-text-color has-background has-link-color wp-elements-19f2c6f642c74f479a9b2f2169be05fb\">Dietmar begann als Nachwuchsspieler bei Union Edelwei\u00df. In der Saison 1966\/70 kam er in die Kampfmannschaft und wurde in dieser Saison mit Edelwei\u00df Staatsmeister im Hallenhandball. Nach dem Abstieg 1972 in die Staatsliga B spielte er noch weitere 4 Saisonen erfolgreich f\u00fcr Union Edelwei\u00df. Nach dem Vereinswechsel zu SK Traun 1976 kam er nach 4 Jahren wieder zu Union Edelwei\u00df zur\u00fcck und half, wo Not am Mann war.<\/p>\n\n\n\n<p class=\"has-white-color has-gray-background-color has-text-color has-background has-link-color wp-elements-07039e51486d7851e13b80334284821b\">Ab 1994 bis zu seinem Ableben am 13.9.2009 hatte er die Funktionen Nachwuchstrainer, Jugendwart und zuletzt Beirat inne. Didi war \u00fcber 40 Jahre um Union Edelwei\u00df bem\u00fcht und wir konnten uns auf ihn immer verlassen. Daf\u00fcr sind wir ihm dankbar und werden ihn immer in bester Erinnerung behalten.<\/p>\n\n\n\n<p class=\"has-white-color has-gray-background-color has-text-color has-background has-link-color wp-elements-eff05a2828e703c9966395186f53c178\"><img loading=\"lazy\" decoding=\"async\" width=\"150\" height=\"200\" class=\"wp-image-1219\" style=\"width: 150px;\" src=\"https:\/\/www.handball-edelweiss-linz.at\/wordpress\/wp-content\/uploads\/ehrentafel_dietmar_hinterbuchner.jpg\" alt=\"Dietmar Hinterbuchner\"> 1951 \u2013 2009<\/p>\n","protected":false},"excerpt":{"rendered":"<p>Dietmar begann als Nachwuchsspieler bei Union Edelwei\u00df. In der Saison 1966\/70 kam er in die Kampfmannschaft und wurde in dieser Saison mit Edelwei\u00df Staatsmeister im<\/p>\n","protected":false},"author":2,"featured_media":0,"parent":0,"menu_order":0,"comment_status":"closed","ping_status":"closed","template":"","meta":{"ngg_post_thumbnail":0,"footnotes":""},"class_list":["post-16951","page","type-page","status-publish","hentry","comments-off"],"_links":{"self":[{"href":"https:\/\/www.handball-edelweiss-linz.at\/wordpress\/wp-json\/wp\/v2\/pages\/16951","targetHints":{"allow":["GET"]}}],"collection":[{"href":"https:\/\/www.handball-edelweiss-linz.at\/wordpress\/wp-json\/wp\/v2\/pages"}],"about":[{"href":"https:\/\/www.handball-edelweiss-linz.at\/wordpress\/wp-json\/wp\/v2\/types\/page"}],"author":[{"embeddable":true,"href":"https:\/\/www.handball-edelweiss-linz.at\/wordpress\/wp-json\/wp\/v2\/users\/2"}],"replies":[{"embeddable":true,"href":"https:\/\/www.handball-edelweiss-linz.at\/wordpress\/wp-json\/wp\/v2\/comments?post=16951"}],"version-history":[{"count":1,"href":"https:\/\/www.handball-edelweiss-linz.at\/wordpress\/wp-json\/wp\/v2\/pages\/16951\/revisions"}],"predecessor-version":[{"id":16952,"href":"https:\/\/www.handball-edelweiss-linz.at\/wordpress\/wp-json\/wp\/v2\/pages\/16951\/revisions\/16952"}],"wp:attachment":[{"href":"https:\/\/www.handball-edelweiss-linz.at\/wordpress\/wp-json\/wp\/v2\/media?parent=16951"}],"curies":[{"name":"wp","href":"https:\/\/api.w.org\/{rel}","templated":true}]}}