{"id":16955,"date":"2025-11-10T06:18:19","date_gmt":"2025-11-10T05:18:19","guid":{"rendered":"https:\/\/www.handball-edelweiss-linz.at\/wordpress\/?page_id=16955"},"modified":"2025-11-10T06:18:20","modified_gmt":"2025-11-10T05:18:20","slug":"martin-wesinger","status":"publish","type":"page","link":"https:\/\/www.handball-edelweiss-linz.at\/wordpress\/martin-wesinger\/","title":{"rendered":"Martin Wesinger"},"content":{"rendered":"\n<p class=\"has-white-color has-gray-background-color has-text-color has-background has-link-color wp-elements-836547bbd8524422c2b2446c6ea3dae2\">Martin begann mit 11 Jahren bei Union Edelwei\u00df seine Handballkarriere, spielte bereits mit 17 Jahren im Jahre 1958 in der Kampfmannschaft und wurde 1961 mit Edelwei\u00df ober\u00f6sterreichischer Landesmeister auf dem Gro\u00dffeld. Im Aufstiegsturnier gelang der Aufstieg in die Feldhandball-Staatsliga. Immer im Spitzenfeld platziert, gelang in der Saison 1966\/67 sensationell der Gewinn des \u00f6sterreichischen Staatsmeistertitels, wobei der Linksh\u00e4nder Martin einen gro\u00dfen Anteil dran hatte.<\/p>\n\n\n\n<p class=\"has-white-color has-gray-background-color has-text-color has-background has-link-color wp-elements-a38c023593e9b7a54a7938f5886fc9cf\">Er wechselte als Legion\u00e4r in die Deutsche Bundesliga zu SG Leutershausen, anschlie\u00dfend zu TV Gro\u00dfwallstadt und zuletzt zu TV Allach. In den Jahren 1962 bis 1975 war Martin erfolgreicher \u00f6sterreichischer Nationalspieler auf dem Gro\u00dffeld und in der Halle. Martin Wesinger z\u00e4hlte in den Jahren 1962 bis 1975 zu den besten Handballern \u00d6sterreichs.<\/p>\n\n\n\n<p class=\"has-white-color has-gray-background-color has-text-color has-background has-link-color wp-elements-490dbf1ab8f868010ccca4584c9aeb53\">Sportunion Edelwei\u00df Linz wird Martin Wesinger immer in bester Erinnerung bewahren.<\/p>\n\n\n\n<p class=\"has-white-color has-gray-background-color has-text-color has-background has-link-color wp-elements-92c3f21cb51f60de8609df04453c4406\"><img loading=\"lazy\" decoding=\"async\" width=\"150\" height=\"200\" class=\"wp-image-1223\" style=\"width: 150px;\" src=\"https:\/\/www.handball-edelweiss-linz.at\/wordpress\/wp-content\/uploads\/ehrentafel_martin_wesinger.jpg\" alt=\"Martin Wesinger\"> 1941 \u2013 2005<\/p>\n","protected":false},"excerpt":{"rendered":"<p>Martin begann mit 11 Jahren bei Union Edelwei\u00df seine Handballkarriere, spielte bereits mit 17 Jahren im Jahre 1958 in der Kampfmannschaft und wurde 1961 mit<\/p>\n","protected":false},"author":2,"featured_media":0,"parent":0,"menu_order":0,"comment_status":"closed","ping_status":"closed","template":"","meta":{"ngg_post_thumbnail":0,"footnotes":""},"class_list":["post-16955","page","type-page","status-publish","hentry","comments-off"],"_links":{"self":[{"href":"https:\/\/www.handball-edelweiss-linz.at\/wordpress\/wp-json\/wp\/v2\/pages\/16955","targetHints":{"allow":["GET"]}}],"collection":[{"href":"https:\/\/www.handball-edelweiss-linz.at\/wordpress\/wp-json\/wp\/v2\/pages"}],"about":[{"href":"https:\/\/www.handball-edelweiss-linz.at\/wordpress\/wp-json\/wp\/v2\/types\/page"}],"author":[{"embeddable":true,"href":"https:\/\/www.handball-edelweiss-linz.at\/wordpress\/wp-json\/wp\/v2\/users\/2"}],"replies":[{"embeddable":true,"href":"https:\/\/www.handball-edelweiss-linz.at\/wordpress\/wp-json\/wp\/v2\/comments?post=16955"}],"version-history":[{"count":1,"href":"https:\/\/www.handball-edelweiss-linz.at\/wordpress\/wp-json\/wp\/v2\/pages\/16955\/revisions"}],"predecessor-version":[{"id":16956,"href":"https:\/\/www.handball-edelweiss-linz.at\/wordpress\/wp-json\/wp\/v2\/pages\/16955\/revisions\/16956"}],"wp:attachment":[{"href":"https:\/\/www.handball-edelweiss-linz.at\/wordpress\/wp-json\/wp\/v2\/media?parent=16955"}],"curies":[{"name":"wp","href":"https:\/\/api.w.org\/{rel}","templated":true}]}}