{"id":2991,"date":"2018-11-02T11:37:10","date_gmt":"2018-11-02T10:37:10","guid":{"rendered":"http:\/\/www.handball-edelweiss-linz.at\/wordpress\/?page_id=2991"},"modified":"2024-08-05T14:53:45","modified_gmt":"2024-08-05T12:53:45","slug":"datenschutzerklaerung","status":"publish","type":"page","link":"https:\/\/www.handball-edelweiss-linz.at\/wordpress\/datenschutzerklaerung\/","title":{"rendered":"DATENSCHUTZERKL\u00c4RUNG"},"content":{"rendered":"<p><span style=\"font-size: 12pt;\">Der Schutz Ihrer pers\u00f6nlichen Daten ist uns ein besonderes Anliegen. Wir verarbeiten Ihre Daten daher ausschlie\u00dflich auf Grundlage der gesetzlichen Bestimmungen (DSGVO, TKG 2003). In diesen Datenschutzinformationen informieren wir Sie \u00fcber die wichtigsten Aspekte der Datenverarbeitung im Rahmen unserer Website.<\/span><\/p>\n<h5><span style=\"font-size: 12pt;\">KONTAKT MIT UNS<\/span><\/h5>\n<p><span style=\"font-size: 12pt;\">Wenn Sie per E-Mail Kontakt mit uns aufnehmen, werden Ihre angegebenen Daten zwecks Bearbeitung der Anfrage und f\u00fcr den Fall von Anschlussfragen bei uns gespeichert. Diese Daten geben wir nicht weiter.<\/span><\/p>\n<h5><span style=\"font-size: 12pt;\">COOKIES<\/span><\/h5>\n<p><span style=\"font-size: 12pt;\">Unsere Website verwendet so genannte Cookies. Dabei handelt es sich um kleine Textdateien, die mit Hilfe des Browsers auf Ihrem Endger\u00e4t abgelegt werden. Sie richten keinen Schaden an.<\/span><br><span style=\"font-size: 12pt;\">Wir nutzen Cookies dazu, unser Angebot nutzerfreundlich zu gestalten. Einige Cookies bleiben auf Ihrem Endger\u00e4t gespeichert, bis Sie diese l\u00f6schen. Sie erm\u00f6glichen es uns, Ihren Browser beim n\u00e4chsten Besuch wiederzuerkennen.<\/span><br><span style=\"font-size: 12pt;\">Wenn Sie dies nicht w\u00fcnschen, so k\u00f6nnen Sie Ihren Browser so einrichten, dass er Sie \u00fcber das Setzen von Cookies informiert und Sie dies nur im Einzelfall erlauben.<\/span><br><span style=\"font-size: 12pt;\">Bei der Deaktivierung von Cookies kann die Funktionalit\u00e4t unserer Website eingeschr\u00e4nkt sein.<\/span><\/p>\n<h5><span style=\"font-size: 12pt;\">IHRE RECHTE<\/span><\/h5>\n<p><span style=\"font-size: 12pt;\">Ihnen stehen grunds\u00e4tzlich die Rechte auf Auskunft, Berichtigung, L\u00f6schung, Einschr\u00e4nkung, Daten\u00fcbertragbarkeit, Widerruf und Widerspruch zu. Wenn Sie glauben, dass die Verarbeitung Ihrer Daten gegen das Datenschutzrecht verst\u00f6\u00dft oder Ihre datenschutzrechtlichen Anspr\u00fcche sonst in einer Weise verletzt worden sind, k\u00f6nnen Sie sich bei der Aufsichtsbeh\u00f6rde beschweren. In \u00d6sterreich ist dies die Datenschutzbeh\u00f6rde.<\/span><\/p>\n<p><span style=\"font-size: 12pt;\">Stand: J\u00e4nner 2022<\/span><\/p>\n<h5>TEXT<\/h5>\n<p>Quelle: Erstellt mit dem <a href=\"https:\/\/www.adsimple.at\/datenschutz-generator\/\" target=\"_blank\" rel=\"noopener\">Datenschutz Generator<\/a>&nbsp;von&nbsp;<a href=\"https:\/\/www.adsimple.at\/\" target=\"_blank\" rel=\"noopener\">AdSimple<\/a><\/p>\n\n\n<hr class=\"wp-block-separator has-alpha-channel-opacity\"\/>\n\n\n<div class=\"is-default-size alignright wp-block-site-logo\"><a href=\"https:\/\/www.handball-edelweiss-linz.at\/wordpress\/\" class=\"custom-logo-link\" rel=\"home\"><img loading=\"lazy\" decoding=\"async\" width=\"180\" height=\"180\" src=\"https:\/\/www.handball-edelweiss-linz.at\/wordpress\/wp-content\/uploads\/cropped-cropped-20447.png\" class=\"custom-logo\" alt=\"Edelweiss Linz Handball\" srcset=\"https:\/\/www.handball-edelweiss-linz.at\/wordpress\/wp-content\/uploads\/cropped-cropped-20447.png 180w, https:\/\/www.handball-edelweiss-linz.at\/wordpress\/wp-content\/uploads\/cropped-cropped-20447-150x150.png 150w, https:\/\/www.handball-edelweiss-linz.at\/wordpress\/wp-content\/uploads\/cropped-cropped-20447-128x128.png 128w, https:\/\/www.handball-edelweiss-linz.at\/wordpress\/wp-content\/uploads\/cropped-cropped-20447-32x32.png 32w, https:\/\/www.handball-edelweiss-linz.at\/wordpress\/wp-content\/uploads\/cropped-cropped-20447-105x105.png 105w\" sizes=\"auto, (max-width: 180px) 100vw, 180px\" \/><\/a><\/div>\n\n\n<p><strong>SPORTUNION EDELWEISS LINZ<\/strong><\/p>\n","protected":false},"excerpt":{"rendered":"<p>Der Schutz Ihrer pers\u00f6nlichen Daten ist uns ein besonderes Anliegen. Wir verarbeiten Ihre Daten daher ausschlie\u00dflich auf Grundlage der gesetzlichen Bestimmungen (DSGVO, TKG 2003). In<\/p>\n","protected":false},"author":1,"featured_media":0,"parent":0,"menu_order":0,"comment_status":"closed","ping_status":"closed","template":"","meta":{"ngg_post_thumbnail":0,"footnotes":""},"class_list":["post-2991","page","type-page","status-publish","hentry","comments-off"],"_links":{"self":[{"href":"https:\/\/www.handball-edelweiss-linz.at\/wordpress\/wp-json\/wp\/v2\/pages\/2991","targetHints":{"allow":["GET"]}}],"collection":[{"href":"https:\/\/www.handball-edelweiss-linz.at\/wordpress\/wp-json\/wp\/v2\/pages"}],"about":[{"href":"https:\/\/www.handball-edelweiss-linz.at\/wordpress\/wp-json\/wp\/v2\/types\/page"}],"author":[{"embeddable":true,"href":"https:\/\/www.handball-edelweiss-linz.at\/wordpress\/wp-json\/wp\/v2\/users\/1"}],"replies":[{"embeddable":true,"href":"https:\/\/www.handball-edelweiss-linz.at\/wordpress\/wp-json\/wp\/v2\/comments?post=2991"}],"version-history":[{"count":11,"href":"https:\/\/www.handball-edelweiss-linz.at\/wordpress\/wp-json\/wp\/v2\/pages\/2991\/revisions"}],"predecessor-version":[{"id":15280,"href":"https:\/\/www.handball-edelweiss-linz.at\/wordpress\/wp-json\/wp\/v2\/pages\/2991\/revisions\/15280"}],"wp:attachment":[{"href":"https:\/\/www.handball-edelweiss-linz.at\/wordpress\/wp-json\/wp\/v2\/media?parent=2991"}],"curies":[{"name":"wp","href":"https:\/\/api.w.org\/{rel}","templated":true}]}}