{"id":3544,"date":"2019-10-28T21:50:59","date_gmt":"2019-10-28T20:50:59","guid":{"rendered":"http:\/\/www.handball-edelweiss-linz.at\/wordpress\/?page_id=3544"},"modified":"2025-11-19T13:44:12","modified_gmt":"2025-11-19T12:44:12","slug":"unsere-sponsoren","status":"publish","type":"page","link":"https:\/\/www.handball-edelweiss-linz.at\/wordpress\/unsere-sponsoren\/","title":{"rendered":"SPONSOREN | PARTNER"},"content":{"rendered":"\n<div class=\"tmm tmm_sponsoren\"><div class=\"tmm_3_columns tmm_wrap tmm_plugin_f\"><span class=\"tmm_two_containers_tablet\"><\/span><div class=\"tmm_container\"><div class=\"tmm_member\" style=\"border-top:#ffffff solid 5px;\"><div class=\"tmm_photo tmm_pic_sponsoren_0\" style=\"background: url(https:\/\/www.handball-edelweiss-linz.at\/wordpress\/wp-content\/uploads\/2025\/11\/Sponsoren.jpg); margin-left: auto; margin-right:auto; background-size:cover !important;\"><\/div><div class=\"tmm_textblock\"><div class=\"tmm_names\"><span class=\"tmm_fname\">SPONSOREN<\/span> <\/div><div class=\"tmm_desc\" style=\"text-align:\"><p><strong><a href=\"https:\/\/www.sport-ooe.at\/\" target=\"_blank\" rel=\"noreferrer noopener\">SPORTLAND O\u00d6<\/a><\/strong><a href=\"https:\/\/www.autoortner.at\/langenstein\" target=\"_blank\" rel=\"noreferrer noopener\"><strong><br \/><\/strong><\/a><a href=\"http:\/\/www.linzag.at\" target=\"_blank\" rel=\"noreferrer noopener\"><strong>LINZ AG<\/strong><\/a><strong><br \/><\/strong><a href=\"https:\/\/linzervolkspartei.at\/\" target=\"_blank\" rel=\"noreferrer noopener\"><strong>LINZER \u00d6VP<\/strong><\/a><a href=\"https:\/\/www.autoortner.at\/langenstein\" target=\"_blank\" rel=\"noreferrer noopener\"><strong><br \/><\/strong><\/a><strong><a href=\"https:\/\/weinturm.at\/\" target=\"_blank\" rel=\"noreferrer noopener\">WEINTURM<\/a><\/strong><a href=\"https:\/\/www.autoortner.at\/langenstein\" target=\"_blank\" rel=\"noreferrer noopener\"><strong><br \/><\/strong><\/a><a href=\"https:\/\/www.linz.at\/\" target=\"_blank\" rel=\"noreferrer noopener\"><strong>STADT LINZ<\/strong><\/a><a href=\"https:\/\/www.autoortner.at\/langenstein\" target=\"_blank\" rel=\"noreferrer noopener\"><strong><br \/><\/strong><\/a><strong><a href=\"https:\/\/sportunion.at\/ooe\" target=\"_blank\" rel=\"noreferrer noopener\">SPORTUNION O\u00d6<\/a><\/strong><a href=\"https:\/\/www.autoortner.at\/langenstein\" target=\"_blank\" rel=\"noreferrer noopener\"><strong><br \/><\/strong><\/a><strong><a href=\"https:\/\/www.mgi.at\/\" target=\"_blank\" rel=\"noreferrer noopener\">MGI BERATUNG<\/a><\/strong><a href=\"https:\/\/www.autoortner.at\/langenstein\" target=\"_blank\" rel=\"noreferrer noopener\"><strong><br \/><\/strong><\/a><a href=\"https:\/\/www.liwest.at\/\" target=\"_blank\" rel=\"noreferrer noopener\"><strong>LIWEST KABELMEDIEN<\/strong><\/a><a href=\"https:\/\/www.autoortner.at\/langenstein\" target=\"_blank\" rel=\"noreferrer noopener\"><strong><br \/><\/strong><\/a><a href=\"https:\/\/www.clickandlearn.at\/\" target=\"_blank\" rel=\"noreferrer noopener\"><strong>CLICK&amp;LEARN<\/strong><\/a><a href=\"https:\/\/www.autoortner.at\/langenstein\" target=\"_blank\" rel=\"noreferrer noopener\"><strong><br \/><\/strong><\/a><a href=\"https:\/\/hnw-rechtsanwaelte.at\/\" target=\"_blank\" rel=\"noreferrer noopener\"><strong>HNW RECHTSANW\u00c4LTE<\/strong><\/a><a href=\"https:\/\/www.autoortner.at\/langenstein\" target=\"_blank\" rel=\"noreferrer noopener\"><strong><br \/><\/strong><\/a><strong><a href=\"https:\/\/www.raiffeisen.at\/ooe\/rlb\/de\/privatkunden.html\" target=\"_blank\" rel=\"noreferrer noopener\">RAIFFEISENLANDESBANK<\/a><\/strong><a href=\"https:\/\/www.autoortner.at\/langenstein\" target=\"_blank\" rel=\"noreferrer noopener\"><strong><br \/><\/strong><\/a><strong><a href=\"http:\/\/www.fit-finanz.at\/\" target=\"_blank\" rel=\"noreferrer noopener\">F.I.T<\/a><\/strong><a href=\"https:\/\/www.autoortner.at\/langenstein\" target=\"_blank\" rel=\"noreferrer noopener\"><strong><br \/><\/strong><\/a><strong><a href=\"https:\/\/www.wertpraesent.com\/\" target=\"_blank\" rel=\"noreferrer noopener\">WERTPR\u00c4SENT<\/a><\/strong><a href=\"https:\/\/www.autoortner.at\/langenstein\" target=\"_blank\" rel=\"noreferrer noopener\"><strong><br \/><\/strong><\/a><strong><a href=\"https:\/\/www.keinesorgen.at\/\" target=\"_blank\" rel=\"noreferrer noopener\">O\u00d6 VERICHERUNG<\/a><\/strong><a href=\"https:\/\/www.autoortner.at\/langenstein\" target=\"_blank\" rel=\"noreferrer noopener\"><strong><br \/><\/strong><\/a><strong><a href=\"https:\/\/h-f.at\/\" target=\"_blank\" rel=\"noreferrer noopener\">HELD&amp;FRANCKE<\/a><\/strong><a href=\"https:\/\/www.autoortner.at\/langenstein\" target=\"_blank\" rel=\"noreferrer noopener\"><strong><br \/><\/strong><\/a><a href=\"https:\/\/www.raiffeisen.at\/ooe\/linz-land-west\/de\/privatkunden.html\" target=\"_blank\" rel=\"noreferrer noopener\"><strong>RAIFFEISENBANK LINZ-LAND WEST<\/strong><\/a><\/p><\/div><div class=\"tmm_scblock\"><\/div><\/div><\/div><div class=\"tmm_member\" style=\"border-top:#ffffff solid 5px;\"><div class=\"tmm_photo tmm_pic_sponsoren_1\" style=\"background: url(https:\/\/www.handball-edelweiss-linz.at\/wordpress\/wp-content\/uploads\/2025\/11\/Partner.jpg); margin-left: auto; margin-right:auto; background-size:cover !important;\"><\/div><div class=\"tmm_textblock\"><div class=\"tmm_names\"><span class=\"tmm_fname\">PARTNER<\/span> <\/div><div class=\"tmm_desc\" style=\"text-align:\"><p><a href=\"https:\/\/www.autoortner.at\/langenstein\" target=\"_blank\" rel=\"noreferrer noopener\"><strong>AUTOHAUS ORTNER<br \/><\/strong><\/a><a href=\"https:\/\/mach-sport.com\/\" target=\"_blank\" rel=\"noreferrer noopener\"><strong>MACHSPORT<\/strong><\/a><a href=\"https:\/\/www.autoortner.at\/langenstein\" target=\"_blank\" rel=\"noreferrer noopener\"><strong><br \/><\/strong><\/a><a href=\"https:\/\/www.edibus.at\/\" target=\"_blank\" rel=\"noreferrer noopener\"><strong>EDI BUS<\/strong><\/a><\/p><p>\u00a0<\/p><\/div><div class=\"tmm_scblock\"><\/div><\/div><\/div><span class=\"tmm_two_containers_tablet\"><\/span><div class=\"tmm_member\" style=\"border-top:#ffffff solid 5px;\"><div class=\"tmm_photo tmm_pic_sponsoren_2\" style=\"background: url(https:\/\/www.handball-edelweiss-linz.at\/wordpress\/wp-content\/uploads\/2025\/11\/Freunde.jpg); margin-left: auto; margin-right:auto; background-size:cover !important;\"><\/div><div class=\"tmm_textblock\"><div class=\"tmm_names\"><span class=\"tmm_fname\">NACHWUCHSPARTNER<\/span> <\/div><div class=\"tmm_desc\" style=\"text-align:\"><p><a href=\"https:\/\/schneiders.eatbu.com\/?lang=de\" target=\"_blank\" rel=\"noreferrer noopener\"><strong>CAFE\/BAR SCHNEIDERS<\/strong><\/a><a href=\"https:\/\/www.autoortner.at\/langenstein\" target=\"_blank\" rel=\"noreferrer noopener\"><strong><br \/><\/strong><\/a><a href=\"https:\/\/www.yourstorebox.com\/\" target=\"_blank\" rel=\"noreferrer noopener\"><strong>STOREBOX<\/strong><\/a><a href=\"https:\/\/www.autoortner.at\/langenstein\" target=\"_blank\" rel=\"noreferrer noopener\"><strong><br \/><\/strong><\/a><strong><a href=\"https:\/\/h-f.at\/\" target=\"_blank\" rel=\"noreferrer noopener\">HELD&amp;FRANCKE<\/a><\/strong><a href=\"https:\/\/www.autoortner.at\/langenstein\" target=\"_blank\" rel=\"noreferrer noopener\"><strong><br \/><\/strong><\/a><strong><a href=\"https:\/\/www.clickandlearn.at\/\" target=\"_blank\" rel=\"noreferrer noopener\">CLICK&amp;LEARN<\/a><\/strong><\/p><\/div><div class=\"tmm_scblock\"><\/div><\/div><\/div><div style=\"clear:both;\"><\/div><\/div><\/div><\/div>\n\n\n\n<hr class=\"wp-block-separator has-alpha-channel-opacity\"\/>\n\n\n\n<p>Wir sagen unseren Sponsoren | Partnern | G\u00f6nnern vielen Dank f\u00fcr eure Unterst\u00fctzung.<\/p>\n\n\n\n<p>Sie haben Interesse ein Teil der Edelweiss-Familie zu sein? <a href=\"https:\/\/www.handball-edelweiss-linz.at\/wordpress\/kon\/\"><strong>KONTAKT<\/strong><\/a><\/p>\n","protected":false},"excerpt":{"rendered":"<p>Wir sagen unseren Sponsoren | Partnern | G\u00f6nnern vielen Dank f\u00fcr eure Unterst\u00fctzung. Sie haben Interesse ein Teil der Edelweiss-Familie zu sein? KONTAKT<\/p>\n","protected":false},"author":2,"featured_media":0,"parent":0,"menu_order":0,"comment_status":"closed","ping_status":"closed","template":"","meta":{"ngg_post_thumbnail":0,"footnotes":""},"class_list":["post-3544","page","type-page","status-publish","hentry","comments-off"],"_links":{"self":[{"href":"https:\/\/www.handball-edelweiss-linz.at\/wordpress\/wp-json\/wp\/v2\/pages\/3544","targetHints":{"allow":["GET"]}}],"collection":[{"href":"https:\/\/www.handball-edelweiss-linz.at\/wordpress\/wp-json\/wp\/v2\/pages"}],"about":[{"href":"https:\/\/www.handball-edelweiss-linz.at\/wordpress\/wp-json\/wp\/v2\/types\/page"}],"author":[{"embeddable":true,"href":"https:\/\/www.handball-edelweiss-linz.at\/wordpress\/wp-json\/wp\/v2\/users\/2"}],"replies":[{"embeddable":true,"href":"https:\/\/www.handball-edelweiss-linz.at\/wordpress\/wp-json\/wp\/v2\/comments?post=3544"}],"version-history":[{"count":162,"href":"https:\/\/www.handball-edelweiss-linz.at\/wordpress\/wp-json\/wp\/v2\/pages\/3544\/revisions"}],"predecessor-version":[{"id":17169,"href":"https:\/\/www.handball-edelweiss-linz.at\/wordpress\/wp-json\/wp\/v2\/pages\/3544\/revisions\/17169"}],"wp:attachment":[{"href":"https:\/\/www.handball-edelweiss-linz.at\/wordpress\/wp-json\/wp\/v2\/media?parent=3544"}],"curies":[{"name":"wp","href":"https:\/\/api.w.org\/{rel}","templated":true}]}}