{"id":43,"date":"2014-06-20T16:48:06","date_gmt":"2014-06-20T14:48:06","guid":{"rendered":"http:\/\/www.handball-edelweiss-linz.at\/wordpress\/?page_id=43"},"modified":"2025-11-13T21:23:23","modified_gmt":"2025-11-13T20:23:23","slug":"werbeleistungen","status":"publish","type":"page","link":"https:\/\/www.handball-edelweiss-linz.at\/wordpress\/werbeleistungen\/","title":{"rendered":"SPONSORING"},"content":{"rendered":"<p>Sie haben Interesse der Sportunion Edelwei\u00df Linz als Sponsor zur Seite zu stehen und gemeinsam an sportlichen Erfolgen zu arbeiten?<\/p>\n<p>\u00dcber die unterschiedlichen Sponsoring-M\u00f6glichkeiten informiert Sie unser \u27a1\ufe0f <a title=\"Kontakt\" href=\"http:\/\/www.handball-edelweiss-linz.at\/wordpress\/?page_id=59\">TEAM<\/a> nat\u00fcrlich gerne.<\/p>\n<p>Wir freuen uns, Sie in der Edelwei\u00df-Familie zu begr\u00fc\u00dfen und die Fr\u00fcchte der Zusammenarbeit gemeinsam zu genie\u00dfen.<\/p>\n<p>Dazu gibt es nat\u00fcrlich verschiedenste Werbem\u00f6glichkeiten. Wir finden bestimmt genau das richtige f\u00fcr ihren Werbe-Auftritt in unserem Verein.<\/p>\n<p>Unser Angebot f\u00fcr sie <strong>Download:<\/strong> \u27a1\ufe0f <a href=\"http:\/\/www.handball-edelweiss-linz.at\/wordpress\/wp-content\/uploads\/wp-sponsors.3.5.0.zip\" target=\"_blank\" rel=\"noopener\">SPONSORSHIP 2022\/2023<\/a>&nbsp;(zip.Datei)<\/p>\n\n\n<hr class=\"wp-block-separator\"\/>\n\n\n\n<p><strong>Hier ein paar Werbem\u00f6glichkeiten:<\/strong><\/p>\n\n\n\n<p>\u27a1\ufe0f Dressensponsor (Nachwuchs oder Kampfmannschaft)<\/p>\n\n\n\n<p>\u27a1\ufe0f Warm-Up Kleidung (Werbem\u00f6glichkeit &#8211; vorne oder hinten)<\/p>\n\n\n\n<p>\u27a1\ufe0f Werbung bei Heimspielen (Werbedurchsagen, Matchsponsor, Flyer, Bandenwerbung)<\/p>\n\n\n\n<p>\u27a1\ufe0f Werbem\u00f6glichkeit beim allj\u00e4hrlichen Handball Sommerfest der&nbsp;Sportunion Edelweiss Linz<\/p>\n\n\n\n<p>\u27a1\ufe0f Werbung in unserem j\u00e4hrlichen Vereinsheft<\/p>\n\n\n\n<p>\u27a1\ufe0f Werbem\u00f6glichkeiten&nbsp;auf unserer Homepage bzw. Social Media Kan\u00e4len (Facebook, Twitter, Instagram)<\/p>\n\n\n\n<hr class=\"wp-block-separator\"\/>\n\n\n\n<h4 class=\"wp-block-heading\">Kontaktaufnahme Sponsoring<\/h4>\n\n\n\n<div class=\"wp-block-media-text alignwide is-stacked-on-mobile\" style=\"grid-template-columns:15% auto\"><figure class=\"wp-block-media-text__media\"><img loading=\"lazy\" decoding=\"async\" width=\"150\" height=\"200\" src=\"http:\/\/www.handball-edelweiss-linz.at\/wordpress\/wp-content\/uploads\/roland_kaimberger.jpg\" alt=\"Roland KAIMBERGER\" class=\"wp-image-4354 size-full\"\/><\/figure><div class=\"wp-block-media-text__content\">\n<p><a href=\"http:\/\/www.handball-edelweiss-linz.at\/wordpress\/roland_kaimberger\/\"><strong>Roland KAIMBERGER<\/strong><\/a><\/p>\n\n\n\n<p>Mobil: +43 676\/841314842<\/p>\n\n\n\n<p>E-Mail:&nbsp;<a href=\"mailto:info@handball-edelweiss-linz.at\">info@handball-edelweiss-linz.at<\/a><\/p>\n\n\n\n<p>Ich freue mich auf ihre Nachricht.<\/p>\n<\/div><\/div>\n\n\n\n<hr class=\"wp-block-separator\"\/>\n","protected":false},"excerpt":{"rendered":"<p>Sie haben Interesse der Sportunion Edelwei\u00df Linz als Sponsor zur Seite zu stehen und gemeinsam an sportlichen Erfolgen zu arbeiten? \u00dcber die unterschiedlichen Sponsoring-M\u00f6glichkeiten informiert<\/p>\n","protected":false},"author":1,"featured_media":0,"parent":0,"menu_order":0,"comment_status":"closed","ping_status":"open","template":"","meta":{"ngg_post_thumbnail":0,"footnotes":""},"class_list":["post-43","page","type-page","status-publish","hentry","comments-off"],"_links":{"self":[{"href":"https:\/\/www.handball-edelweiss-linz.at\/wordpress\/wp-json\/wp\/v2\/pages\/43","targetHints":{"allow":["GET"]}}],"collection":[{"href":"https:\/\/www.handball-edelweiss-linz.at\/wordpress\/wp-json\/wp\/v2\/pages"}],"about":[{"href":"https:\/\/www.handball-edelweiss-linz.at\/wordpress\/wp-json\/wp\/v2\/types\/page"}],"author":[{"embeddable":true,"href":"https:\/\/www.handball-edelweiss-linz.at\/wordpress\/wp-json\/wp\/v2\/users\/1"}],"replies":[{"embeddable":true,"href":"https:\/\/www.handball-edelweiss-linz.at\/wordpress\/wp-json\/wp\/v2\/comments?post=43"}],"version-history":[{"count":80,"href":"https:\/\/www.handball-edelweiss-linz.at\/wordpress\/wp-json\/wp\/v2\/pages\/43\/revisions"}],"predecessor-version":[{"id":17087,"href":"https:\/\/www.handball-edelweiss-linz.at\/wordpress\/wp-json\/wp\/v2\/pages\/43\/revisions\/17087"}],"wp:attachment":[{"href":"https:\/\/www.handball-edelweiss-linz.at\/wordpress\/wp-json\/wp\/v2\/media?parent=43"}],"curies":[{"name":"wp","href":"https:\/\/api.w.org\/{rel}","templated":true}]}}