{"id":62,"date":"2014-06-20T18:15:44","date_gmt":"2014-06-20T16:15:44","guid":{"rendered":"http:\/\/www.handball-edelweiss-linz.at\/wordpress\/?page_id=62"},"modified":"2024-08-26T21:32:20","modified_gmt":"2024-08-26T19:32:20","slug":"impressum","status":"publish","type":"page","link":"https:\/\/www.handball-edelweiss-linz.at\/wordpress\/impressum\/","title":{"rendered":"IMPRESSUM"},"content":{"rendered":"<section class=\"address\">\n<h5>MEDIENINHABER UND HERAUSGEBER<\/h5>\n<p>Sportunion Edelwei\u00df Linz<br>Sektion Handball<br>Fl\u00f6tzerweg 107a, A-4030 Linz<br>e-mail:&nbsp;<a href=\"mailto:info@handball-edelweiss-linz.at\">info@handball-edelweiss-linz.at<\/a><\/p>\n<h5 class=\"adsimple-221103905\">BANKVERBINDUNG<\/h5>\n<p>Raiffeisenbank Leonding<br>IBAN: AT903427600000014340<\/p>\n<h5 class=\"adsimple-221103905\">VEREINSREGISTERAUSZUG<\/h5>\n<p>ZVR-Zahl: 021760842<\/p>\n<p>Der Verein wird nach au\u00dfen vom Obmann, bei seiner Verhinderung durch einen<br>seiner Stellvertreter vertreten.<br>Alle Ausfertigungen, Bekanntmachungen und Gesch\u00e4ftsst\u00fccke des Vereines sind<br>vom Obmann und vom Schriftf\u00fchrer oder deren Stellvertreter zu zeichnen.<br>Bei Rechtsgesch\u00e4ften, die eine Verbindlichkeit des Vereines begr\u00fcnden, zeichnet<br>der Kassier mit dem Obmann, im Falle der Verhinderung deren Stellvertreter.<br>In sportlichen Angelegenheiten zeichnet der Sportwart (Stellvertreter) mit. In<br>gleicher Weise erfolgt eine Mitzeichnung durch den Kultur- oder Jugendwart in<br>Angelegenheiten, die die Kultur oder die Jugend betreffen.<br>Dies gilt auch f\u00fcr die Sektionsleiter bei Angelegenheiten, welche die jeweilige<br>Sektion betreffen.<\/p>\n<h5 class=\"adsimple-221103905\">IMPRESSUM<\/h5>\n<p class=\"adsimple-221103905\">Informationspflicht laut \u00a75 E-Commerce Gesetz, \u00a714 Unternehmensgesetzbuch, \u00a763 Gewerbeordnung und Offenlegungspflicht laut \u00a725 Mediengesetz.<\/p>\n<p class=\"adsimple-221103905\">Sportunion Edelwei\u00df Linz<br>Fl\u00f6tzerweg, 107a,<br>4030 Linz,\u00d6sterreich<\/p>\n<p class=\"adsimple-221103905\"><b>Mitglied im Dachverband:&nbsp;<\/b>Sportunion Ober\u00f6sterreich<br><b>Vereinssitz:<\/b>&nbsp;4030 Linz<br><strong>Tel.:<\/strong>&nbsp;06606841179<br><strong>Fax:<\/strong>&nbsp;\u2013<br><strong>E-Mail:<\/strong>&nbsp;<a href=\"mailto:info@handball-edelweiss-linz.at\">info@handball-edelweiss-linz.at<\/a><\/p>\n<p class=\"adsimple-221103905\"><strong>Vereinszweck:<\/strong><br>Handball\/Fu\u00dfball Sport f\u00fcr alle!!!<\/p>\n<h5 class=\"adsimple-221103905\">EU-STREITSCHLICHTUNG<\/h5>\n<p>Gem\u00e4\u00df Verordnung \u00fcber Online-Streitbeilegung in Verbraucherangelegenheiten (ODR-Verordnung) m\u00f6chten wir Sie \u00fcber die Online-Streitbeilegungsplattform (OS-Plattform) informieren.<br>Verbraucher haben die M\u00f6glichkeit, Beschwerden an die Online Streitbeilegungsplattform der Europ\u00e4ischen Kommission unter&nbsp;<a class=\"adsimple-221103905\" href=\"https:\/\/ec.europa.eu\/consumers\/odr\/main\/index.cfm?event=main.home2.show&amp;lng=DE\" target=\"_blank\" rel=\"nofollow noopener noreferrer\">http:\/\/ec.europa.eu\/odr?tid=221103905<\/a>&nbsp;zu richten. Die daf\u00fcr notwendigen Kontaktdaten finden Sie oberhalb in unserem Impressum.<\/p>\n<p>Wir m\u00f6chten Sie jedoch darauf hinweisen, dass wir nicht bereit oder verpflichtet sind, an Streitbeilegungsverfahren vor einer Verbraucherschlichtungsstelle teilzunehmen.<\/p>\n<h5 class=\"adsimple-221103905\">HAFTUNG F\u00dcR INHALTE DIESER WEBSEITE<\/h5>\n<p>Wir entwickeln die Inhalte dieser Webseite st\u00e4ndig weiter und bem\u00fchen uns korrekte und aktuelle Informationen bereitzustellen. Leider k\u00f6nnen wir keine Haftung f\u00fcr die Korrektheit aller Inhalte auf dieser Webseite \u00fcbernehmen, speziell f\u00fcr jene die seitens Dritter bereitgestellt wurden.<\/p>\n<p>Sollten Ihnen problematische oder rechtswidrige Inhalte auffallen, bitten wir Sie uns umgehend zu kontaktieren, Sie finden die Kontaktdaten im Impressum.<\/p>\n<h5 class=\"adsimple-221103905\">HAFTUNG F\u00dcR LINKS AUF DIESER WEBSEITE<\/h5>\n<p>Unsere Webseite enth\u00e4lt Links zu anderen Webseiten f\u00fcr deren Inhalt wir nicht verantwortlich sind. Haftung f\u00fcr verlinkte Websites besteht laut&nbsp;<a class=\"adsimple-221103905\" href=\"https:\/\/www.ris.bka.gv.at\/Dokument.wxe?Abfrage=Bundesnormen&amp;Dokumentnummer=NOR40025813&amp;tid=221103905\" target=\"_blank\" rel=\"noopener nofollow noreferrer\">\u00a7 17 ECG<\/a>&nbsp;f\u00fcr uns nicht, da wir keine Kenntnis rechtswidriger T\u00e4tigkeiten hatten und haben, uns solche Rechtswidrigkeiten auch bisher nicht aufgefallen sind und wir Links sofort entfernen w\u00fcrden, wenn uns Rechtswidrigkeiten bekannt werden.<\/p>\n<p>Wenn Ihnen rechtswidrige Links auf unserer Website auffallen, bitten wir Sie uns zu kontaktieren, Sie finden die Kontaktdaten im Impressum.<\/p>\n<h5 class=\"adsimple-221103905\">URHEBERRECHTSHINWEIS<\/h5>\n<p>Alle Inhalte dieser Webseite (Bilder, Fotos, Texte, Videos) unterliegen dem Urheberrecht. Falls notwendig, werden wir die unerlaubte Nutzung von Teilen der Inhalte unserer Seite rechtlich verfolgen.<\/p>\n<h5 class=\"adsimple-221103905\">BILDNACHWEIS<\/h5>\n<p>Die Bilder, Fotos und Grafiken auf dieser Webseite sind urheberrechtlich gesch\u00fctzt.<\/p>\n<p>Die Bilderrechte liegen bei den folgenden Fotografen oder Unternehmen:<\/p>\n<ul>\n<li style=\"list-style-type: none;\">\n<ul style=\"list-style-type: circle;\">\n<li><span style=\"color: initial;\">Fotografen: J\u00fcrgen Hammang, Almir Balic, Cipi Ghent, Nermin Alkic, Roland Kaimberger, Martina Schneider, Susanne Hain, Wolfgang Pichler<\/span><\/li>\n<li class=\"adsimple-221103905\">SG LINZ AG\/EDELWEISS Future-Team: Wolfgang Pichler, J\u00fcrgen Hammang, Nermin Alkic, Roland Kaimberger<\/li>\n<li>Union Edelweiss Linz: J\u00fcrgen Hammang, Susanne Hain, Roland Kaimberger, Martina Schneider<\/li>\n<li>Bilddatenbank: Pixabay<\/li>\n<\/ul>\n<\/li>\n<\/ul>\n<h5 class=\"adsimple-221103905\">DATENSCHUTZERKL\u00c4RUNG<\/h5>\n<p>Unsere Datenschutzerkl\u00e4rung finden sie&nbsp;<a href=\"http:\/\/www.handball-edelweiss-linz.at\/wordpress\/datenschutzerklaerung\/\">HIER<\/a><\/p>\n<h5 class=\"adsimple-221103905\">DATENSCHUTZ<\/h5>\n<p>Wir haben diese Datenschutzerkl\u00e4rung (Fassung 09.10.2019-221103905) verfasst, um Ihnen gem\u00e4\u00df der Vorgaben der Datenschutz-Grundverordnung (EU) 2016\/679 und dem&nbsp;<a class=\"adsimple-221103905\" href=\"https:\/\/www.ris.bka.gv.at\/GeltendeFassung.wxe?Abfrage=Bundesnormen&amp;Gesetzesnummer=10001597&amp;tid=221103905\" target=\"_blank\" rel=\"noopener nofollow noreferrer\">Datenschutzgesetz (DSG)<\/a>&nbsp;zu erkl\u00e4ren, welche Informationen wir sammeln, wie wir Daten verwenden und welche Entscheidungsm\u00f6glichkeiten Sie als Besucher dieser Webseite haben.<\/p>\n<p>Leider liegt es in der Natur der Sache, dass diese Erkl\u00e4rungen sehr technisch klingen. Wir haben uns bei der Erstellung jedoch bem\u00fcht die wichtigsten Dinge so einfach und klar wie m\u00f6glich zu beschreiben.<\/p>\n<h5 class=\"adsimple-221103905\">AUTOMATISCHE DATENSCHUTZSPEICHERUNG<\/h5>\n<p>Wenn Sie heutzutage Webseiten besuchen, werden gewisse Informationen automatisch erstellt und gespeichert, so auch auf dieser Webseite.<\/p>\n<p>Wenn Sie unsere Webseite so wie jetzt gerade besuchen, speichert unser Webserver (Computer auf dem diese Webseite gespeichert ist) automatisch Daten wie<\/p>\n<ul style=\"list-style-type: circle;\">\n<li>die Adresse (URL) der aufgerufenen Webseite<\/li>\n<li>Browser und Browserversion<\/li>\n<li>das verwendete Betriebssystem<\/li>\n<li>die Adresse (URL) der zuvor besuchten Seite (Referrer URL)<\/li>\n<li>den Hostname und die IP-Adresse des Ger\u00e4ts von welchem aus zugegriffen wird<\/li>\n<li>Datum und Uhrzeit<\/li>\n<\/ul>\n<p>in Dateien (Webserver-Logfiles).<\/p>\n<p>In der Regel werden Webserver-Logfiles zwei Wochen gespeichert und danach automatisch gel\u00f6scht. Wir geben diese Daten nicht weiter, k\u00f6nnen jedoch nicht ausschlie\u00dfen, dass diese Daten beim Vorliegen von rechtswidrigem Verhalten eingesehen werden.<\/p>\n<h5 class=\"adsimple-221103905\">SPEICHERUNG PERS\u00d6NLICHER DATEN<\/h5>\n<p>Pers\u00f6nliche Daten, die Sie uns auf dieser Website elektronisch \u00fcbermitteln, wie zum Beispiel Name, E-Mail-Adresse, Adresse oder andere pers\u00f6nlichen Angaben im Rahmen der \u00dcbermittlung eines Formulars oder Kommentaren im Blog, werden von uns gemeinsam mit dem Zeitpunkt und der IP-Adresse nur zum jeweils angegebenen Zweck verwendet, sicher verwahrt und nicht an Dritte weitergegeben.<\/p>\n<p>Wir nutzen Ihre pers\u00f6nlichen Daten somit nur f\u00fcr die Kommunikation mit jenen Besuchern, die Kontakt ausdr\u00fccklich w\u00fcnschen und f\u00fcr die Abwicklung der auf dieser Webseite angebotenen Dienstleistungen und Produkte. Wir geben Ihre pers\u00f6nlichen Daten ohne Zustimmung nicht weiter, k\u00f6nnen jedoch nicht ausschlie\u00dfen, dass diese Daten beim Vorliegen von rechtswidrigem Verhalten eingesehen werden.<\/p>\n<p>Wenn Sie uns pers\u00f6nliche Daten per E-Mail schicken \u2013 somit abseits dieser Webseite \u2013 k\u00f6nnen wir keine sichere \u00dcbertragung und den Schutz Ihrer Daten garantieren. Wir empfehlen Ihnen, vertrauliche Daten niemals unverschl\u00fcsselt per E-Mail zu \u00fcbermitteln.<\/p>\n<h5 class=\"adsimple-221103905\">RECHTE LAUT DATENSCHUTZGRUNDVERORDNUNG<\/h5>\n<p>Ihnen stehen laut den Bestimmungen der DSGVO und des \u00f6sterreichischen&nbsp;<a class=\"adsimple-221103905\" href=\"https:\/\/www.ris.bka.gv.at\/GeltendeFassung.wxe?Abfrage=Bundesnormen&amp;Gesetzesnummer=10001597&amp;tid=221103905\" target=\"_blank\" rel=\"noopener nofollow noreferrer\">Datenschutzgesetzes (DSG)<\/a>&nbsp;grunds\u00e4tzlich die folgende Rechte zu:<\/p>\n<ul style=\"list-style-type: circle;\">\n<li>Recht auf Berichtigung (Artikel 16 DSGVO)<\/li>\n<li>Recht auf L\u00f6schung (\u201eRecht auf Vergessenwerden\u201c) (Artikel 17 DSGVO)<\/li>\n<li>Recht auf Einschr\u00e4nkung der Verarbeitung (Artikel 18 DSGVO)<\/li>\n<li>Recht auf Benachrichtigung \u2013 Mitteilungspflicht im Zusammenhang mit der Berichtigung oder L\u00f6schung personenbezogener Daten oder der Einschr\u00e4nkung der Verarbeitung (Artikel 19 DSGVO)<\/li>\n<li>Recht auf Daten\u00fcbertragbarkeit (Artikel 20 DSGVO)<\/li>\n<li>Widerspruchsrecht (Artikel 21 DSGVO)<\/li>\n<li>Recht, nicht einer ausschlie\u00dflich auf einer automatisierten Verarbeitung \u2014 einschlie\u00dflich Profiling \u2014 beruhenden Entscheidung unterworfen zu werden (Artikel 22 DSGVO)<\/li>\n<\/ul>\n<p>Wenn Sie glauben, dass die Verarbeitung Ihrer Daten gegen das Datenschutzrecht verst\u00f6\u00dft oder Ihre datenschutzrechtlichen Anspr\u00fcche sonst in einer Weise verletzt worden sind, k\u00f6nnen Sie sich bei der Aufsichtsbeh\u00f6rde beschweren, welche in \u00d6sterreich die Datenschutzbeh\u00f6rde ist, deren Webseite Sie unter&nbsp;<a class=\"adsimple-221103905\" href=\"https:\/\/www.dsb.gv.at\/?tid=221103905\" rel=\"nofollow\">https:\/\/www.dsb.gv.at\/<\/a>&nbsp;finden.<\/p>\n<h5 class=\"adsimple-221103905\">AUSWERTUNG DES BESUCHERVERHALTENS<\/h5>\n<p>In der folgenden Datenschutzerkl\u00e4rung informieren wir Sie dar\u00fcber, ob und wie wir Daten Ihres Besuchs dieser Website auswerten. Die Auswertung der gesammelten Daten erfolgt in der Regel anonym und wir k\u00f6nnen von Ihrem Verhalten auf dieser Website nicht auf Ihre Person schlie\u00dfen.<\/p>\n<p>Mehr \u00fcber M\u00f6glichkeiten dieser Auswertung der Besuchsdaten zu widersprechen erfahren Sie in der folgenden Datenschutzerkl\u00e4rung.<\/p>\n<h5 class=\"adsimple-221103905\">TLS-VERSCHL\u00dcSSELUNG MIT HTTPS<\/h5>\n<p>Wir verwenden https um Daten abh\u00f6rsicher im Internet zu \u00fcbertragen (Datenschutz durch Technikgestaltung&nbsp;<a class=\"adsimple-221103905\" href=\"https:\/\/eur-lex.europa.eu\/legal-content\/DE\/TXT\/HTML\/?uri=CELEX:32016R0679&amp;from=DE&amp;tid=221103905\" target=\"_blank\" rel=\"noopener nofollow noreferrer\">Artikel 25 Absatz 1 DSGVO<\/a>). Durch den Einsatz von TLS (Transport Layer Security), einem Verschl\u00fcsselungsprotokoll zur sicheren Daten\u00fcbertragung im Internet k\u00f6nnen wir den Schutz vertraulicher Daten sicherstellen. Sie erkennen die Benutzung dieser Absicherung der Daten\u00fcbertragung am kleinen Schlosssymbol links oben im Browser und der Verwendung des Schemas https (anstatt http) als Teil unserer Internetadresse.<\/p>\n<h5>HAFTUNGSAUSSCHLUSS \/ \u00a7 5 ECG<\/h5>\n<p>Der Autor dieser Webseiten ist bestrebt, die hier angebotenen Informationen nach bestem Wissen und Gewissen vollst\u00e4ndig und richtig darzustellen und aktuell zu halten. Dennoch kann er keinerlei Haftung f\u00fcr Sch\u00e4den \u00fcbernehmen, die sich aus der Nutzung der angebotenen Informationen ergeben k\u00f6nnen \u2013 auch wenn diese auf die Nutzung von allenfalls unvollst\u00e4ndigen bzw. fehlerhaften Informationen zur\u00fcckzuf\u00fchren sind.<\/p>\n<\/section>\n<section class=\"address\">Verweise auf fremde Webseiten liegen au\u00dferhalb des Verantwortungsbereiches des Autors. Eine Haftung f\u00fcr die Inhalte von verlinkten Seiten ist ausgeschlossen, zumal der Autor keinen Einfluss auf Inhalte wie Gestaltung von gelinkten Seiten hat. F\u00fcr Inhalte von Seiten, auf welche von Seiten dieser Webseiten verwiesen wird, haftet somit allein der Anbieter dieser fremden Webseiten \u2013 niemals jedoch derjenige, der durch einen Link auf fremde Publikationen und Inhalte verweist. Sollten gelinkte Seiten (insbesondere durch Ver\u00e4nderung der Inhalte nach dem Setzen des Links) illegale, fehlerhafte, unvollst\u00e4ndige, beleidigende oder sittenwidrige Informationen beinhalten und wird der Autor dieser Seite auf derartige Inhalte von gelinkten Seiten aufmerksam (gemacht), so wird er einen Link auf derartige Seiten unverz\u00fcglich unterbinden.\n<p>&nbsp;<\/p>\n<h5>URHEBERRECHT<\/h5>\n<p>Die vom Autor selbst erstellten Inhalte (Texte und Bilder) dieser Seiten sind urheberrechtlich gesch\u00fctzt. Die Informationen sind nur f\u00fcr die pers\u00f6nliche Verwendung bestimmt. Jede den Bestimmungen des Urheberrechtsgesetzes widersprechende Verwendung jeglicher Inhalte dieser Webseiten \u2013 insbesondere die weitergehende Nutzung wie beispielsweise die Ver\u00f6ffentlichung, Vervielf\u00e4ltigung und jede Form von gewerblicher Nutzung sowie die Weitergabe an Dritte \u2013 auch in Teilen oder in \u00fcberarbeiteter Form \u2013 ohne ausdr\u00fcckliche Zustimmung des Autors ist untersagt.<\/p>\n<h5>WIDERRUFE<\/h5>\n<p>Der Nutzer hat das Recht, auf Antrag unentgeltlich Auskunft \u00fcber die personenbezogenen Daten zu erhalten, die \u00fcber ihn gespeichert wurden. Zus\u00e4tzlich hat der Nutzer das Recht auf Berichtigung unrichtiger Daten, Sperrung und L\u00f6schung seiner personenbezogenen Daten, soweit dem keine gesetzliche Aufbewahrungspflicht entgegensteht.<\/p>\n<h5>INFORMATIONSINHALT<\/h5>\n<p>Die Informationen dieser Webseiten k\u00f6nnen ohne vorherige Ank\u00fcndigung ge\u00e4ndert, entfernt oder erg\u00e4nzt werden. Der Autor kann daher keine Garantie f\u00fcr die Korrektheit, Vollst\u00e4ndigkeit, Qualit\u00e4t oder Aktualit\u00e4t der bereitgestellten Informationen geben.<\/p>\n<h5>EINBINDUNG VON INHALTEN DRITTER<\/h5>\n<p>Es kann vorkommen, dass innerhalb dieses Onlineangebotes Inhalte Dritter, wie zum Beispiel Videos von YouTube, Kartenmaterial von Google-Maps, RSS-Feeds oder Grafiken von anderen Webseiten eingebunden werden. Dies<br>setzt immer voraus, dass die Anbieter dieser Inhalte (nachfolgend bezeichnet als \u201eDritt-Anbieter\u201c) die IP-Adresse der<br>Nutzer wahrnehmen. Denn ohne die IP-Adresse k\u00f6nnten sie die Inhalte nicht an den Browser des jeweiligen Nutzers<br>senden. Die IP-Adresse ist damit f\u00fcr die Darstellung dieser Inhalte erforderlich. Wir bem\u00fchen uns, nur solche Inhalte zu verwenden, deren jeweilige Anbieter die IP-Adresse lediglich zur Auslieferung dieser Inhalte verwenden. Jedoch haben wir keinen Einfluss darauf, falls die Dritt-Anbieter die IP-Adresse z.B. f\u00fcr statistische Zwecke speichern. Soweit dies uns bekannt ist, kl\u00e4ren wir die Nutzer dar\u00fcber auf.<\/p>\n<h5>RECHTSWIRKSAMKEIT<\/h5>\n<p>Durch Nutzung dieser Webseiten unterliegt der Nutzer den gegenst\u00e4ndlichen Nutzungsbedingungen. Diese sind Teil des WWW-Angebotes. Sofern Teile oder einzelne Formulierungen der Nutzungsbedingungen der geltenden Rechtslage nicht, nicht mehr oder nicht vollst\u00e4ndig entsprechen sollten, bleiben die \u00fcbrigen Teile der Nutzungsbedingungen in ihrem Inhalt und ihrer G\u00fcltigkeit davon unber\u00fchrt.<\/p>\n<h5>TEXT<\/h5>\n<p>Quelle: Erstellt mit dem <a href=\"https:\/\/www.adsimple.at\/datenschutz-generator\/\" target=\"_blank\" rel=\"noopener\">Datenschutz Generator<\/a> von <a href=\"https:\/\/www.adsimple.at\/\" target=\"_blank\" rel=\"noopener\">AdSimple<\/a><\/p>\n<\/section>\n\n\n<hr class=\"wp-block-separator has-alpha-channel-opacity\"\/>\n\n\n<div class=\"is-default-size alignright wp-block-site-logo\"><a href=\"https:\/\/www.handball-edelweiss-linz.at\/wordpress\/\" class=\"custom-logo-link\" rel=\"home\"><img loading=\"lazy\" decoding=\"async\" width=\"180\" height=\"180\" src=\"https:\/\/www.handball-edelweiss-linz.at\/wordpress\/wp-content\/uploads\/cropped-cropped-20447.png\" class=\"custom-logo\" alt=\"Edelweiss Linz Handball\" srcset=\"https:\/\/www.handball-edelweiss-linz.at\/wordpress\/wp-content\/uploads\/cropped-cropped-20447.png 180w, https:\/\/www.handball-edelweiss-linz.at\/wordpress\/wp-content\/uploads\/cropped-cropped-20447-150x150.png 150w, https:\/\/www.handball-edelweiss-linz.at\/wordpress\/wp-content\/uploads\/cropped-cropped-20447-128x128.png 128w, https:\/\/www.handball-edelweiss-linz.at\/wordpress\/wp-content\/uploads\/cropped-cropped-20447-32x32.png 32w, https:\/\/www.handball-edelweiss-linz.at\/wordpress\/wp-content\/uploads\/cropped-cropped-20447-105x105.png 105w\" sizes=\"auto, (max-width: 180px) 100vw, 180px\" \/><\/a><\/div>\n\n\n<p><strong>SPORTUNION EDELWEISS LINZ<\/strong><\/p>\n","protected":false},"excerpt":{"rendered":"<p>MEDIENINHABER UND HERAUSGEBER Sportunion Edelwei\u00df LinzSektion HandballFl\u00f6tzerweg 107a, A-4030 Linze-mail:&nbsp;info@handball-edelweiss-linz.at BANKVERBINDUNG Raiffeisenbank LeondingIBAN: AT903427600000014340 VEREINSREGISTERAUSZUG ZVR-Zahl: 021760842 Der Verein wird nach au\u00dfen vom Obmann, bei<\/p>\n","protected":false},"author":1,"featured_media":0,"parent":0,"menu_order":0,"comment_status":"closed","ping_status":"open","template":"","meta":{"ngg_post_thumbnail":0,"footnotes":""},"class_list":["post-62","page","type-page","status-publish","hentry","comments-off"],"_links":{"self":[{"href":"https:\/\/www.handball-edelweiss-linz.at\/wordpress\/wp-json\/wp\/v2\/pages\/62","targetHints":{"allow":["GET"]}}],"collection":[{"href":"https:\/\/www.handball-edelweiss-linz.at\/wordpress\/wp-json\/wp\/v2\/pages"}],"about":[{"href":"https:\/\/www.handball-edelweiss-linz.at\/wordpress\/wp-json\/wp\/v2\/types\/page"}],"author":[{"embeddable":true,"href":"https:\/\/www.handball-edelweiss-linz.at\/wordpress\/wp-json\/wp\/v2\/users\/1"}],"replies":[{"embeddable":true,"href":"https:\/\/www.handball-edelweiss-linz.at\/wordpress\/wp-json\/wp\/v2\/comments?post=62"}],"version-history":[{"count":59,"href":"https:\/\/www.handball-edelweiss-linz.at\/wordpress\/wp-json\/wp\/v2\/pages\/62\/revisions"}],"predecessor-version":[{"id":16852,"href":"https:\/\/www.handball-edelweiss-linz.at\/wordpress\/wp-json\/wp\/v2\/pages\/62\/revisions\/16852"}],"wp:attachment":[{"href":"https:\/\/www.handball-edelweiss-linz.at\/wordpress\/wp-json\/wp\/v2\/media?parent=62"}],"curies":[{"name":"wp","href":"https:\/\/api.w.org\/{rel}","templated":true}]}}