{"id":6572,"date":"2021-09-07T17:49:55","date_gmt":"2021-09-07T15:49:55","guid":{"rendered":"http:\/\/www.handball-edelweiss-linz.at\/wordpress\/?page_id=6572"},"modified":"2025-11-13T21:18:03","modified_gmt":"2025-11-13T20:18:03","slug":"halle","status":"publish","type":"page","link":"https:\/\/www.handball-edelweiss-linz.at\/wordpress\/halle\/","title":{"rendered":"SPIELST\u00c4TTEN"},"content":{"rendered":"\n<hr class=\"wp-block-separator has-css-opacity\"\/>\n\n\n\n<p><strong>Ferdinand H\u00fcttner Schule Linz<\/strong><br>Wieningerstra\u00dfe 15<br>4020 Linz<\/p>\n\n\n\n<iframe src=\"https:\/\/www.google.com\/maps\/embed?pb=!1m18!1m12!1m3!1d2074.883406125056!2d14.280699215653547!3d48.26724647923398!2m3!1f0!2f0!3f0!3m2!1i1024!2i768!4f13.1!3m3!1m2!1s0x4773964bbdff2c25%3A0x5d33f001c6b8ff41!2sWieningerstra%C3%9Fe%2015%2C%204020%20Linz!5e1!3m2!1sde!2sat!4v1631030849458!5m2!1sde!2sat\" width=\"320\" height=\"170\" style=\"border:0;\" allowfullscreen=\"\" loading=\"lazy\"><\/iframe>\n\n\n\n<hr class=\"wp-block-separator has-css-opacity\"\/>\n\n\n\n<p><strong>SNMS Linz-Kleinm\u00fcnchen<\/strong><br>Meindlstra\u00dfe 25 <br>4030 Linz<\/p>\n\n\n\n<iframe src=\"https:\/\/www.google.com\/maps\/embed?pb=!1m18!1m12!1m3!1d2075.4140590374986!2d14.299026615653073!3d48.254174379232836!2m3!1f0!2f0!3f0!3m2!1i1024!2i768!4f13.1!3m3!1m2!1s0x477396241746d7a5%3A0x17a27bb1c09a4eff!2sSNMS%20Kleinm%C3%BCnchen!5e1!3m2!1sde!2sat!4v1631031124337!5m2!1sde!2sat\" width=\"320\" height=\"170\" style=\"border:0;\" allowfullscreen=\"\" loading=\"lazy\"><\/iframe>\n\n\n\n<hr class=\"wp-block-separator has-css-opacity\"\/>\n\n\n\n<p><strong>NMS Rennerschule<\/strong><br>Fl\u00f6tzerweg 88<br>4030 Linz <\/p>\n\n\n\n<iframe src=\"https:\/\/www.google.com\/maps\/embed?pb=!1m18!1m12!1m3!1d1037.7928587240078!2d14.294748492651905!3d48.249945177452084!2m3!1f0!2f0!3f0!3m2!1i1024!2i768!4f13.1!3m3!1m2!1s0x477397b49b9edb3f%3A0xf63f07d920b5d3c1!2sTurnsaal%20Rennerschule!5e1!3m2!1sde!2sat!4v1631117409110!5m2!1sde!2sat\" width=\"320\" height=\"170\" style=\"border:0;\" allowfullscreen=\"\" loading=\"lazy\"><\/iframe>\n\n\n\n<hr class=\"wp-block-separator has-css-opacity\"\/>\n\n\n\n<p><strong>Hinweis: <\/strong>Die Sportunion Edelweiss Linz (O\u00d6 Landesliga) spielt in der SNMS Linz-Kleinm\u00fcnchen und Ferdinand H\u00fcttner Schule. Die NMS Rennerschule ist lediglich f\u00fcr unseren Nachwuchs eingeplant. <\/p>\n","protected":false},"excerpt":{"rendered":"<p>Ferdinand H\u00fcttner Schule LinzWieningerstra\u00dfe 154020 Linz SNMS Linz-Kleinm\u00fcnchenMeindlstra\u00dfe 25 4030 Linz NMS RennerschuleFl\u00f6tzerweg 884030 Linz Hinweis: Die Sportunion Edelweiss Linz (O\u00d6 Landesliga) spielt in der<\/p>\n","protected":false},"author":2,"featured_media":0,"parent":0,"menu_order":0,"comment_status":"closed","ping_status":"closed","template":"","meta":{"ngg_post_thumbnail":0,"footnotes":""},"class_list":["post-6572","page","type-page","status-publish","hentry","comments-off"],"_links":{"self":[{"href":"https:\/\/www.handball-edelweiss-linz.at\/wordpress\/wp-json\/wp\/v2\/pages\/6572","targetHints":{"allow":["GET"]}}],"collection":[{"href":"https:\/\/www.handball-edelweiss-linz.at\/wordpress\/wp-json\/wp\/v2\/pages"}],"about":[{"href":"https:\/\/www.handball-edelweiss-linz.at\/wordpress\/wp-json\/wp\/v2\/types\/page"}],"author":[{"embeddable":true,"href":"https:\/\/www.handball-edelweiss-linz.at\/wordpress\/wp-json\/wp\/v2\/users\/2"}],"replies":[{"embeddable":true,"href":"https:\/\/www.handball-edelweiss-linz.at\/wordpress\/wp-json\/wp\/v2\/comments?post=6572"}],"version-history":[{"count":19,"href":"https:\/\/www.handball-edelweiss-linz.at\/wordpress\/wp-json\/wp\/v2\/pages\/6572\/revisions"}],"predecessor-version":[{"id":17084,"href":"https:\/\/www.handball-edelweiss-linz.at\/wordpress\/wp-json\/wp\/v2\/pages\/6572\/revisions\/17084"}],"wp:attachment":[{"href":"https:\/\/www.handball-edelweiss-linz.at\/wordpress\/wp-json\/wp\/v2\/media?parent=6572"}],"curies":[{"name":"wp","href":"https:\/\/api.w.org\/{rel}","templated":true}]}}