{"id":76,"date":"2014-06-20T18:20:24","date_gmt":"2014-06-20T16:20:24","guid":{"rendered":"http:\/\/www.handball-edelweiss-linz.at\/wordpress\/?page_id=76"},"modified":"2025-11-13T20:45:02","modified_gmt":"2025-11-13T19:45:02","slug":"edelweisslied","status":"publish","type":"page","link":"https:\/\/www.handball-edelweiss-linz.at\/wordpress\/edelweisslied\/","title":{"rendered":"EDELWEISS-LIED"},"content":{"rendered":"<p style=\"text-align: left;\">Ganz einsam und verlassen<br>auf einer Felsenwand,<\/p>\n<p style=\"text-align: left;\" align=\"center\">stolz unter blauem Himmel<br>ein kleines Bl\u00fcmlein stand.<\/p>\n<p style=\"text-align: left;\" align=\"center\">Ich konnt&#8216; nicht widerstehen<br>und brach das Bl\u00fcmlein ab,<\/p>\n<p style=\"text-align: left;\" align=\"center\">und schenkte es dem sch\u00f6nsten,<br>herzliebsten M\u00e4gdelein.<\/p>\n<p style=\"text-align: left;\" align=\"center\">Zwei, drei, vier:<\/p>\n<p style=\"text-align: left;\" align=\"center\"><strong>Es war ein Edelwei\u00df, ein kleines Edelwei\u00df,<br>holaria, holaro,<\/strong> <strong>holaria ho.<\/strong><\/p>\n<p style=\"text-align: left;\" align=\"center\">Es trotzte jedem Wetter,<br>es trotzte jedem Sturm,<\/p>\n<p style=\"text-align: left;\" align=\"center\">rein gar nichts knickte<br>dieses wei\u00dfe Bl\u00fcmlein um.<\/p>\n<p style=\"text-align: left;\" align=\"center\">Genau wie dieses Bl\u00fcmlein<br>genauso sind auch wir.<\/p>\n<p style=\"text-align: left;\" align=\"center\">Wo soll es immer bleiben,<br>Edelwei\u00dfer, das sind wir.<\/p>\n<p style=\"text-align: left;\" align=\"center\">Zwei, drei, vier:<\/p>\n<p style=\"text-align: left;\" align=\"center\"><strong>Es war ein Edelwei\u00df, ein kleines Edelwei\u00df,<br>holaria, holaro,<\/strong> <strong>holaria ho.<\/strong><\/p>\n<p style=\"text-align: left;\" align=\"center\">Das Bl\u00fcmelein als Zeichen<br>f\u00fcr Treu und Liebe stand,<\/p>\n<p style=\"text-align: left;\" align=\"center\">geholt mit Mut und M\u00fchen<br>aus steiler Felsenwand.<\/p>\n<p style=\"text-align: left;\" align=\"center\">Es wurde so zum Vorbild<br>f\u00fcr einen Sportverband,<\/p>\n<p style=\"text-align: left;\" align=\"center\">und heute kennt man diesen<br>wohl hier im ganzen Land.<\/p>\n<p style=\"text-align: left;\" align=\"center\">Zwei, drei, vier:<\/p>\n<p style=\"text-align: left;\" align=\"center\"><strong>Es war ein Edelwei\u00df, ein kleines Edelwei\u00df,<br>holaria, holaro,<\/strong> <strong>holaria ho.<\/strong><\/p>\n<p style=\"text-align: left;\" align=\"center\">Gar manchem wilden Sturme<br>das Bl\u00fcmlein widerstand,<\/p>\n<p style=\"text-align: left;\" align=\"center\">und St\u00fcrme, Niederlagen<br>die Menschen nur verband.<\/p>\n<p style=\"text-align: left;\" align=\"center\">Sie stehen fest zusammen<br>und geh&#8217;n durch Dick und D\u00fcnn,<\/p>\n<p style=\"text-align: left;\" align=\"center\">f\u00fcr K\u00f6rper, Geist und Seele &#8211;<br>f\u00fcr alle ein Gewinn.<\/p>\n<p style=\"text-align: left;\" align=\"center\">Zwei, drei, vier:<\/p>\n<p style=\"text-align: left;\" align=\"center\"><strong>Es war ein Edelwei\u00df, ein kleines Edelwei\u00df,<br>holaria, holaro,<\/strong> <strong>holaria ho.<\/strong><\/p>\n\n<div class=\"is-default-size alignright wp-block-site-logo\"><a href=\"https:\/\/www.handball-edelweiss-linz.at\/wordpress\/\" class=\"custom-logo-link\" rel=\"home\"><img loading=\"lazy\" decoding=\"async\" width=\"180\" height=\"180\" src=\"https:\/\/www.handball-edelweiss-linz.at\/wordpress\/wp-content\/uploads\/cropped-cropped-20447.png\" class=\"custom-logo\" alt=\"Edelweiss Linz Handball\" srcset=\"https:\/\/www.handball-edelweiss-linz.at\/wordpress\/wp-content\/uploads\/cropped-cropped-20447.png 180w, https:\/\/www.handball-edelweiss-linz.at\/wordpress\/wp-content\/uploads\/cropped-cropped-20447-150x150.png 150w, https:\/\/www.handball-edelweiss-linz.at\/wordpress\/wp-content\/uploads\/cropped-cropped-20447-128x128.png 128w, https:\/\/www.handball-edelweiss-linz.at\/wordpress\/wp-content\/uploads\/cropped-cropped-20447-32x32.png 32w, https:\/\/www.handball-edelweiss-linz.at\/wordpress\/wp-content\/uploads\/cropped-cropped-20447-105x105.png 105w\" sizes=\"auto, (max-width: 180px) 100vw, 180px\" \/><\/a><\/div>\n\n\n<hr class=\"wp-block-separator has-alpha-channel-opacity\"\/>\n\n\n\n<p><strong>SPORTUNION EDELWEISS LINZ<\/strong><\/p>\n","protected":false},"excerpt":{"rendered":"<p>Ganz einsam und verlassenauf einer Felsenwand, stolz unter blauem Himmelein kleines Bl\u00fcmlein stand. Ich konnt&#8216; nicht widerstehenund brach das Bl\u00fcmlein ab, und schenkte es dem<\/p>\n","protected":false},"author":1,"featured_media":0,"parent":0,"menu_order":0,"comment_status":"closed","ping_status":"open","template":"","meta":{"ngg_post_thumbnail":0,"footnotes":""},"class_list":["post-76","page","type-page","status-publish","hentry","comments-off"],"_links":{"self":[{"href":"https:\/\/www.handball-edelweiss-linz.at\/wordpress\/wp-json\/wp\/v2\/pages\/76","targetHints":{"allow":["GET"]}}],"collection":[{"href":"https:\/\/www.handball-edelweiss-linz.at\/wordpress\/wp-json\/wp\/v2\/pages"}],"about":[{"href":"https:\/\/www.handball-edelweiss-linz.at\/wordpress\/wp-json\/wp\/v2\/types\/page"}],"author":[{"embeddable":true,"href":"https:\/\/www.handball-edelweiss-linz.at\/wordpress\/wp-json\/wp\/v2\/users\/1"}],"replies":[{"embeddable":true,"href":"https:\/\/www.handball-edelweiss-linz.at\/wordpress\/wp-json\/wp\/v2\/comments?post=76"}],"version-history":[{"count":9,"href":"https:\/\/www.handball-edelweiss-linz.at\/wordpress\/wp-json\/wp\/v2\/pages\/76\/revisions"}],"predecessor-version":[{"id":13901,"href":"https:\/\/www.handball-edelweiss-linz.at\/wordpress\/wp-json\/wp\/v2\/pages\/76\/revisions\/13901"}],"wp:attachment":[{"href":"https:\/\/www.handball-edelweiss-linz.at\/wordpress\/wp-json\/wp\/v2\/media?parent=76"}],"curies":[{"name":"wp","href":"https:\/\/api.w.org\/{rel}","templated":true}]}}